{"id":166,"date":"2018-05-01T22:28:56","date_gmt":"2018-05-01T20:28:56","guid":{"rendered":"http:\/\/www.visionandaction.com\/ms\/?page_id=166"},"modified":"2022-10-05T12:03:08","modified_gmt":"2022-10-05T10:03:08","slug":"hr-management","status":"publish","type":"page","link":"https:\/\/www.positive-hr.de\/de\/hr-management\/","title":{"rendered":"NEXT LEVEL HR-MANAGEMENT"},"content":{"rendered":"\n<figure class=\"wp-block-pullquote\"><blockquote><p>Wir packen Ihre aktuellen Themen an <br>und bringen gemeinsam<em> <\/em><br>HR-Management und der F\u00fchrung <br>auf das n\u00e4chste Level.<\/p><\/blockquote><\/figure>\n\n\n\n<p style=\"font-size:18px\">Der beste Weg etwas weiterzuentwickeln, ist dann zu handeln, wenn sich ohnehin etwas bewegt. Entschieden, mit Fingerspitzengef\u00fchl und n\u00f6tigenfalls in hom\u00f6opathischen Dosen.<\/p>\n\n\n\n<p style=\"font-size:18px\">Darum helfen wir Ihnen genau da weiter, wo Sie es am meisten brauchen. Passgenau. Pragmatisch. Mit Know-how, L\u00f6sungen oder einfach mit der n\u00f6tigen &#8222;Manpower&#8220;.<\/p>\n\n\n\n<p style=\"font-size:18px\">Wir helfen Ihnen weiter, entlang der gesamten <em>employee journey <\/em>von der Gewinnung neuer Teammitglieder, \u00fcber deren Integration bis zu deren Weiterentwicklung.<\/p>\n\n\n\n<p style=\"font-size:18px\">Mit einfachen und pragmatischen L\u00f6sungen von &#8222;Panda bis Porsche&#8220;, klaren Konzepten f\u00fcr Personalmarketing, Onboarding, Personalentwicklung bis hin zur umfassenden HR-Strategie.<\/p>\n\n\n\n<div class=\"wp-block-image\"><figure class=\"aligncenter size-large is-resized\"><img decoding=\"async\" loading=\"lazy\" src=\"http:\/\/www.positive-hr.de\/de\/wp-content\/uploads\/2021\/01\/loesungen-1024x410.png\" alt=\"EIN UMFASSENDES PORTFOLIO\" class=\"wp-image-487\" width=\"768\" height=\"308\" srcset=\"https:\/\/www.positive-hr.de\/de\/wp-content\/uploads\/2021\/01\/loesungen-1024x410.png 1024w, https:\/\/www.positive-hr.de\/de\/wp-content\/uploads\/2021\/01\/loesungen-300x120.png 300w, https:\/\/www.positive-hr.de\/de\/wp-content\/uploads\/2021\/01\/loesungen-768x308.png 768w, https:\/\/www.positive-hr.de\/de\/wp-content\/uploads\/2021\/01\/loesungen-1536x615.png 1536w, https:\/\/www.positive-hr.de\/de\/wp-content\/uploads\/2021\/01\/loesungen-611x245.png 611w, https:\/\/www.positive-hr.de\/de\/wp-content\/uploads\/2021\/01\/loesungen.png 2048w\" sizes=\"(max-width: 768px) 100vw, 768px\" \/><\/figure><\/div>\n\n\n\n<h3 class=\"wp-block-heading\">SCHRITT F\u00dcR SCHRITT ZUM N\u00c4CHSTEN LEVEL<\/h3>\n\n\n\n<p style=\"font-size:18px\">Wir unterst\u00fctzen Sie mit einer ganzheitlichen Analyse und Beratung \u00fcber alle Handlungsfelder im HR-Management.<\/p>\n\n\n\n<p style=\"font-size:18px\">Auf der Basis der Analyse identifizieren wir f\u00fcr Sie die entscheidenen Erfolgs- und Engpassfaktoren.<\/p>\n\n\n\n<p style=\"font-size:18px\">Sie entscheiden \u00fcber Schwerpunktsetzung, Budget und Umsetzungsrahmen<\/p>\n\n\n\n<p style=\"font-size:18px\">Wir organisieren f\u00fcr Sie die professionelle Umsetzung mit internen und externen Kr\u00e4ften und Experten.<\/p>\n\n\n\n<p style=\"font-size:18px\">Wir beherrschen die ganze Klaviatur von F\u00fchrung und HR-Management. Dadurch helfen wir Ihnen mit passgenauer Unterst\u00fctzung:<\/p>\n\n\n\n<ul><li>Mit niedrigschwelligen Einstiegen durch lebendige Impulsvortr\u00e4ge oder individuelle Coaching.<\/li><li>Mit nachhaltigen Konzepten zur Gestaltung der employee journey, zur Teamentwicklung oder der Weiterentwicklung des F\u00fchrungsdialoges<\/li><li>Mit ganzheitlichen Strategien oder der Entwicklung von F\u00fchrungsleitbildern, Vision, Mission und Werten.<\/li><\/ul>\n\n\n\n<p style=\"font-size:18px\">Ob Sie niedrigschwellig einsteigen wollen, oder ein gro\u00dfes Rad zu drehen haben. Wir begleiten Sie auf dem Weg zum n\u00e4chsten Level.<\/p>\n\n\n\n<div class=\"wp-block-group has-background\" style=\"background-color:#ececec\"><div class=\"wp-block-group__inner-container is-layout-flow\">\n<p>&nbsp;<\/p>\n\n\n\n<h4 class=\"has-text-align-center wp-block-heading\">SIE HABEN EIN KONKRETES THEMA IM HR-MANAGEMENT &amp; F\u00dcHRUNG?<\/h4>\n\n\n\n<p class=\"has-text-align-center\">Dann vereinbaren Sie jetzt einen kostenlosen Termin.&nbsp;<br>Ich berate Sie gerne individuell.<\/p>\n\n\n<div class=\"wp-block-image is-style-rounded\">\n<figure class=\"aligncenter size-full is-resized\"><img decoding=\"async\" loading=\"lazy\" src=\"http:\/\/www.positive-hr.de\/de\/wp-content\/uploads\/2025\/05\/ms-rechts-3U3A5368-Bearbeitet-rund-2.png\" alt=\"\" class=\"wp-image-1214\" width=\"240\" height=\"240\" srcset=\"https:\/\/www.positive-hr.de\/de\/wp-content\/uploads\/2025\/05\/ms-rechts-3U3A5368-Bearbeitet-rund-2.png 961w, https:\/\/www.positive-hr.de\/de\/wp-content\/uploads\/2025\/05\/ms-rechts-3U3A5368-Bearbeitet-rund-2-300x300.png 300w, https:\/\/www.positive-hr.de\/de\/wp-content\/uploads\/2025\/05\/ms-rechts-3U3A5368-Bearbeitet-rund-2-150x150.png 150w, https:\/\/www.positive-hr.de\/de\/wp-content\/uploads\/2025\/05\/ms-rechts-3U3A5368-Bearbeitet-rund-2-768x768.png 768w, https:\/\/www.positive-hr.de\/de\/wp-content\/uploads\/2025\/05\/ms-rechts-3U3A5368-Bearbeitet-rund-2-350x350.png 350w\" sizes=\"(max-width: 240px) 100vw, 240px\" \/><\/figure><\/div>\n\n\n<p class=\"has-text-align-center\">Michael Stief<\/p>\n\n\n\n<div class=\"wp-block-buttons aligncenter is-layout-flex\">\n<div class=\"BorlabsCookie _brlbs-cb-calendly\"><div class=\"_brlbs-content-blocker\"> <div class=\"_brlbs-default\"> <p>Klicken Sie auf den unteren Button, um online einen Termin \u00fcber Calendly zu buchen.<\/p> <p><a class=\"_brlbs-btn\" href=\"#\" data-borlabs-cookie-unblock role=\"button\">Inhalt laden<\/a><\/p> <a href=\"https:\/\/calendly.com\/privacy\" target=\"_blank\" rel=\"nofollow noopener noreferrer\">Mehr erfahren<\/a> <p><label><input type=\"checkbox\" name=\"unblockAll\" value=\"1\" checked=\"\"><small>Calendly immer entsperren<\/small><\/label><\/p> <\/div> <\/div><div class=\"borlabs-hide\" data-borlabs-cookie-type=\"content-blocker\" data-borlabs-cookie-id=\"calendly\"><script type=\"text\/template\">CjwhLS0gQ2FsbC10by1BY3Rpb24tSGVhZGVyCkRpZXNlciBBYnNjaG5pdHQgc29yZ3QgZsO8ciBkaWUga29ycmVrdGUgRnVua3Rpb24gZGVzIENhbGwtdG8tQWN0aW9uLUFic2Nobml0dHMKRm9sZ2VuZGUgTGlua3Mgd2VyZGVuIHZlcndlbmRldDoKcmVsPSIiIG9uY2xpY2s9IkNhbGVuZGx5LmluaXRQb3B1cFdpZGdldCh7dXJsOiAnaHR0cHM6Ly9jYWxlbmRseS5jb20vcG9zaXRpdmUtaHIvcmVtb3RlX21lZXRpbmcnfSk7cmV0dXJuIGZhbHNlOyIKaHJlZj0ibWFpbHRvOm1zQHBvc2l0aXZlLWhyLmRlIgpocmVmPSJ0ZWw6KzQ5LTE1Mi0yODYtNzM3LTU0IgotLT4KPCEtLSBDYWxlbmRseSBsaW5rIHdpZGdldCBiZWdpbiAtLT4KPGxpbmsgaHJlZj0iaHR0cHM6Ly9hc3NldHMuY2FsZW5kbHkuY29tL2Fzc2V0cy9leHRlcm5hbC93aWRnZXQuY3NzIiByZWw9InN0eWxlc2hlZXQiPgo8c2NyaXB0IHNyYz0iaHR0cHM6Ly9hc3NldHMuY2FsZW5kbHkuY29tL2Fzc2V0cy9leHRlcm5hbC93aWRnZXQuanMiIHR5cGU9InRleHQvamF2YXNjcmlwdCI+PC9zY3JpcHQ+CjwhLS0gQ2FsZW5kbHkgbGluayB3aWRnZXQgZW5kIC0tPgo8IS0tIEVuZGUgQ2FsbC10by1BY3Rpb24tSGVhZGVyIC0tPgo8ZGl2IGNsYXNzPSJ3cC1ibG9jay1idXR0b24iPjxhIGNsYXNzPSJ3cC1ibG9jay1idXR0b25fX2xpbmsgaGFzLXNpdGViZy1jb2xvciBoYXMtYWNjZW50LTEtYmFja2dyb3VuZC1jb2xvciBoYXMtdGV4dC1jb2xvciBoYXMtYmFja2dyb3VuZCIgaHJlZj0iIiBvbmNsaWNrPSJDYWxlbmRseS5pbml0UG9wdXBXaWRnZXQoe3VybDogJ2h0dHBzOi8vY2FsZW5kbHkuY29tL3Bvc2l0aXZlLWhyL3JlbW90ZV9tZWV0aW5nJ30pO3JldHVybiBmYWxzZTsiPlRFUk1JTiBCVUNIRU48L2E+PC9kaXY+Cg==<\/script><\/div><\/div>\n\n\n\n<div class=\"wp-block-button is-style-fill\"><a class=\"wp-block-button__link has-sitebg-color has-accent-1-background-color has-text-color has-background\" href=\"tel:+49-152-286-737-54\">DIREKT ANRUFEN<\/a><\/div>\n\n\n\n<div class=\"wp-block-button is-style-fill\"><a class=\"wp-block-button__link has-sitebg-color has-accent-1-background-color has-text-color has-background\" href=\"mailto:ms@positive-hr.de\">DIREKT MAILEN<\/a><\/div>\n<\/div>\n\n\n\n<p>&nbsp;<\/p>\n<\/div><\/div>\n","protected":false},"excerpt":{"rendered":"<p>Wir packen Ihre aktuellen Themen an und bringen gemeinsam HR-Management und der F\u00fchrung auf das n\u00e4chste Level. Der beste Weg etwas weiterzuentwickeln, ist dann zu handeln, wenn sich ohnehin etwas bewegt. Entschieden, mit Fingerspitzengef\u00fchl und n\u00f6tigenfalls in hom\u00f6opathischen Dosen. Darum helfen wir Ihnen genau da weiter, wo Sie es am &hellip;<\/p>\n","protected":false},"author":1,"featured_media":622,"parent":0,"menu_order":0,"comment_status":"closed","ping_status":"closed","template":"elementor_theme","meta":[],"_links":{"self":[{"href":"https:\/\/www.positive-hr.de\/de\/wp-json\/wp\/v2\/pages\/166"}],"collection":[{"href":"https:\/\/www.positive-hr.de\/de\/wp-json\/wp\/v2\/pages"}],"about":[{"href":"https:\/\/www.positive-hr.de\/de\/wp-json\/wp\/v2\/types\/page"}],"author":[{"embeddable":true,"href":"https:\/\/www.positive-hr.de\/de\/wp-json\/wp\/v2\/users\/1"}],"replies":[{"embeddable":true,"href":"https:\/\/www.positive-hr.de\/de\/wp-json\/wp\/v2\/comments?post=166"}],"version-history":[{"count":21,"href":"https:\/\/www.positive-hr.de\/de\/wp-json\/wp\/v2\/pages\/166\/revisions"}],"predecessor-version":[{"id":1131,"href":"https:\/\/www.positive-hr.de\/de\/wp-json\/wp\/v2\/pages\/166\/revisions\/1131"}],"wp:featuredmedia":[{"embeddable":true,"href":"https:\/\/www.positive-hr.de\/de\/wp-json\/wp\/v2\/media\/622"}],"wp:attachment":[{"href":"https:\/\/www.positive-hr.de\/de\/wp-json\/wp\/v2\/media?parent=166"}],"curies":[{"name":"wp","href":"https:\/\/api.w.org\/{rel}","templated":true}]}}