{"id":224,"date":"2018-06-26T14:09:42","date_gmt":"2018-06-26T12:09:42","guid":{"rendered":"http:\/\/www.visionandaction.com\/ms\/?page_id=224"},"modified":"2025-05-07T19:05:19","modified_gmt":"2025-05-07T17:05:19","slug":"freunde","status":"publish","type":"page","link":"https:\/\/www.positive-hr.de\/de\/freunde\/","title":{"rendered":"TEAM"},"content":{"rendered":"\n<!-- Backup Intro-Text\nBedeutet jedem seine St\u00e4rken zu lassen. Darum arbeiten wir im Netzwerk und auf Augenh\u00f6he. Hier finden Sie hier Menschen, die ihre St\u00e4rken kennen und sich darauf fokussieren. Experten, die Ihnen ihre Kernkompetenz zur Verf\u00fcgung stellen. Menschen, die f\u00fcr alles andere ihre Freunde weiterempfehlen.\n-->\n\n\n\n<figure class=\"wp-block-pullquote\"><blockquote><p>POSITIVE HR beruht auf St\u00e4rkenorientierung und die leben wir. <\/p><\/blockquote><\/figure>\n\n\n\n<h3 class=\"wp-block-heading\">MICHAEL STIEF<\/h3>\n\n\n\n<p>Gr\u00fcnder von <span style=\"color: #000000;\">POSITIVE HR . MANAGMENT<\/span><span style=\"color: #000000;\">.<\/span><\/p>\n\n\n\n<p>Experte f\u00fcr HR-Management, Personalentwicklung, F\u00fchrung und Selbstmanagement. Berater, Speaker, Coach.<\/p>\n\n\n\n<p>MA in Linguistik und Informatik, Berufs- und F\u00fchrungserfahrung in Erwachsenenbildung, Personalentwicklung und HR-Management. Branchenerfahrung im Banking, IT, Health und Hospitality-Sektor.<\/p>\n\n\n\n<p>Positive Psychologie, DVNLP-Trainer, Systemischer Coach, PERMA-LEAD\u00a9 Potenzialanalyse, 360\u00b0-Feedback und Unternehmensanalyse.<\/p>\n\n\n\n<p>Peiting, Oberbayern-West<\/p>\n\n\n\n<p><a href=\"https:\/\/www.positive-hr.de\/de\/michael-stief\/\">mehr &#8230;<\/a><\/p>\n\n\n\n<h3 class=\"wp-block-heading\">CHRISTINE STIEF<\/h3>\n\n\n\n<p>Expertin f\u00fcr Kommunikation, Konfliktl\u00f6sung und Entscheidungsprozesse<br>Trainings und Coachings in Deutsch, Englisch und Spanisch<\/p>\n\n\n\n<p>M. A. in Deutsch als Fremdsprache, Anglistik und Hispanistik<br>Clean Language &amp; Systemic Modeling, Trainerin und Coach f\u00fcr Gewaltfreie Kommunikation nach M. Rosenberg, Entscheidungsprozesse mit systemischem Konsensieren, NLP Practitioner<\/p>\n\n\n\n<p>Peiting, Oberbayern-West<\/p>\n\n\n\n<h3 class=\"wp-block-heading\">CHRISTINA GAWLIG<\/h3>\n\n\n\n<p>Expertin f\u00fcr Change Management und organisationalen Ver\u00e4nderungsprozessen<\/p>\n\n\n\n<p>B.Sc. Cand. Psychologie, zertifizierte Change Managerin, zertifiziert in Projektmanagament und IT Sicherheit&nbsp; u.a.<\/p>\n\n\n\n<p>Wuppertal, NRW<\/p>\n\n\n\n<h3 class=\"wp-block-heading\">JUS HENSELEIT<\/h3>\n\n\n\n<p>Experte f\u00fcr Lernen in Natur und Outdoor, Erlebnisp\u00e4dagogik, Pers\u00f6nlichkeitsentwicklung, Teambuilding, F\u00fchrung, Partnerschaftliches Verhalten am Arbeitsplatz, Stress- und Gesundheitsmanagement<\/p>\n\n\n\n<p>Dipl. Sozialp\u00e4dagoge (FH)<br>Trainer f\u00fcr Stressmanagement, Gewaltpr\u00e4vention und systemischer Gespr\u00e4chsf\u00fchrung, Fundraising Manager, systemischer Erlebnisp\u00e4dagoge<\/p>\n\n\n\n<p>Steingaden, Oberbayern-West<\/p>\n\n\n\n<h3 class=\"wp-block-heading\">SVEN THOMAS L\u00dcTZEN<\/h3>\n\n\n\n<p>Experte f\u00fcr Ver\u00e4nderungsprozesse, F\u00fchrungskultur und Achtsamkeit<\/p>\n\n\n\n<p>Individual Coaching, Teamcoaching und Sailing<\/p>\n\n\n\n<p>Dipl.-Wirtschaftsingenieur (FH), Master Coach (DVNLP)<\/p>\n\n\n\n<p>Hansestadt Bremen<\/p>\n\n\n\n<h3 class=\"wp-block-heading\">KATHARINA SCHINDLER<\/h3>\n\n\n\n<p>Expertin f\u00fcr&nbsp; Personal Branding und Karriereplanung sowie Pers\u00f6nlichkeitsentwicklung mit dem Z\u00fcrcher Ressourcen Modell ZRM<\/p>\n\n\n\n<p>Dipl. Betriebswirtin (FH), Heilpraktiker f\u00fcr Psychotherapie (HPG), zertifizierte Trainerin und Coach f\u00fcr das Z\u00fcrcher Ressourcen Modell ZRM, langj\u00e4hrige F\u00fchrungskraft im Personalmanagement und der Karriereberatung<\/p>\n\n\n\n<p>Bad T\u00f6lz, Bayern<\/p>\n\n\n\n<h3 class=\"wp-block-heading\">OLAF VITTINGHOFF<\/h3>\n\n\n\n<p>Experte f\u00fcr Trainings und Coachings mit Vertriebs- und F\u00fchrungskr\u00e4ften, Ausbildung von Vertriebscoaches, Initiierung und Begleitung von Ver\u00e4nderungsprozessen<\/p>\n\n\n\n<p>Leitende Funktion und Key-Account-Manager in Kreditinstituten, Bankkaufmann. NLP Trainer (international und national), Transaktions-analyse, Systemische Verfahren, DNLA Trainer, INSIGHTS Trainer<\/p>\n\n\n\n<p>Menden, Sauerland<\/p>\n\n\n\n<h3 class=\"wp-block-heading\">KATRIN POSCH<\/h3>\n\n\n\n<p>Expertin f\u00fcr Gesundheitsmanagement, Sportpsychologie und Positive Psychologie<\/p>\n\n\n\n<p>M.Sc. Psychology in Sport and Exercise, B.A. Gesundheitsmanagement, Tee Sommelier IHK,Fitnesstrainerin B, Ern\u00e4hrungstrainerin B, Trainerin f\u00fcr Sportrehabilitation, ehem. aktive Leistungssportlerin Schwimmen<\/p>\n\n\n\n<p>Rosenheim, Oberbayern-Ost<\/p>\n\n\n\n<h3 class=\"wp-block-heading\"><\/h3>\n\n\n\n<div class=\"wp-block-group has-background is-layout-flow\" style=\"background-color:#ececec\"><div class=\"wp-block-group__inner-container\">\n<p>&nbsp;<\/p>\n\n\n\n<h4 class=\"wp-block-heading has-text-align-center\">SIE SUCHEN EINEN EXPERTEN?<\/h4>\n\n\n\n<p class=\"has-text-align-center\">Dann vereinbaren Sie jetzt einen kostenlosen Termin.&nbsp;<br>Ich berate Sie gerne individuell.<\/p>\n\n\n<div class=\"wp-block-image is-style-rounded\">\n<figure class=\"aligncenter size-full is-resized\"><img decoding=\"async\" loading=\"lazy\" src=\"http:\/\/www.positive-hr.de\/de\/wp-content\/uploads\/2025\/05\/ms-rechts-3U3A5368-Bearbeitet-rund-2.png\" alt=\"\" class=\"wp-image-1214\" width=\"240\" height=\"240\" srcset=\"https:\/\/www.positive-hr.de\/de\/wp-content\/uploads\/2025\/05\/ms-rechts-3U3A5368-Bearbeitet-rund-2.png 961w, https:\/\/www.positive-hr.de\/de\/wp-content\/uploads\/2025\/05\/ms-rechts-3U3A5368-Bearbeitet-rund-2-300x300.png 300w, https:\/\/www.positive-hr.de\/de\/wp-content\/uploads\/2025\/05\/ms-rechts-3U3A5368-Bearbeitet-rund-2-150x150.png 150w, https:\/\/www.positive-hr.de\/de\/wp-content\/uploads\/2025\/05\/ms-rechts-3U3A5368-Bearbeitet-rund-2-768x768.png 768w, https:\/\/www.positive-hr.de\/de\/wp-content\/uploads\/2025\/05\/ms-rechts-3U3A5368-Bearbeitet-rund-2-350x350.png 350w\" sizes=\"(max-width: 240px) 100vw, 240px\" \/><\/figure><\/div>\n\n\n<p class=\"has-text-align-center\">Michael Stief<\/p>\n\n\n\n<div class=\"wp-block-buttons is-content-justification-center is-layout-flex wp-container-1\">\n<div class=\"BorlabsCookie _brlbs-cb-calendly\"><div class=\"_brlbs-content-blocker\"> <div class=\"_brlbs-default\"> <p>Klicken Sie auf den unteren Button, um online einen Termin \u00fcber Calendly zu buchen.<\/p> <p><a class=\"_brlbs-btn\" href=\"#\" data-borlabs-cookie-unblock role=\"button\">Inhalt laden<\/a><\/p> <a href=\"https:\/\/calendly.com\/privacy\" target=\"_blank\" rel=\"nofollow noopener noreferrer\">Mehr erfahren<\/a> <p><label><input type=\"checkbox\" name=\"unblockAll\" value=\"1\" checked=\"\"><small>Calendly immer entsperren<\/small><\/label><\/p> <\/div> <\/div><div class=\"borlabs-hide\" data-borlabs-cookie-type=\"content-blocker\" data-borlabs-cookie-id=\"calendly\"><script type=\"text\/template\">CjwhLS0gQ2FsbC10by1BY3Rpb24tSGVhZGVyCkRpZXNlciBBYnNjaG5pdHQgc29yZ3QgZsO8ciBkaWUga29ycmVrdGUgRnVua3Rpb24gZGVzIENhbGwtdG8tQWN0aW9uLUFic2Nobml0dHMKRm9sZ2VuZGUgTGlua3Mgd2VyZGVuIHZlcndlbmRldDoKcmVsPSIiIG9uY2xpY2s9IkNhbGVuZGx5LmluaXRQb3B1cFdpZGdldCh7dXJsOiAnaHR0cHM6Ly9jYWxlbmRseS5jb20vcG9zaXRpdmUtaHIvcmVtb3RlX21lZXRpbmcnfSk7cmV0dXJuIGZhbHNlOyIKaHJlZj0ibWFpbHRvOm1zQHBvc2l0aXZlLWhyLmRlIgpocmVmPSJ0ZWw6KzQ5LTE1Mi0yODYtNzM3LTU0IgotLT4KPCEtLSBDYWxlbmRseSBsaW5rIHdpZGdldCBiZWdpbiAtLT4KPGxpbmsgaHJlZj0iaHR0cHM6Ly9hc3NldHMuY2FsZW5kbHkuY29tL2Fzc2V0cy9leHRlcm5hbC93aWRnZXQuY3NzIiByZWw9InN0eWxlc2hlZXQiPgo8c2NyaXB0IHNyYz0iaHR0cHM6Ly9hc3NldHMuY2FsZW5kbHkuY29tL2Fzc2V0cy9leHRlcm5hbC93aWRnZXQuanMiIHR5cGU9InRleHQvamF2YXNjcmlwdCI+PC9zY3JpcHQ+CjwhLS0gQ2FsZW5kbHkgbGluayB3aWRnZXQgZW5kIC0tPgo8IS0tIEVuZGUgQ2FsbC10by1BY3Rpb24tSGVhZGVyIC0tPgo8ZGl2IGNsYXNzPSJ3cC1ibG9jay1idXR0b24iPjxhIGNsYXNzPSJ3cC1ibG9jay1idXR0b25fX2xpbmsgaGFzLXNpdGViZy1jb2xvciBoYXMtYWNjZW50LTEtYmFja2dyb3VuZC1jb2xvciBoYXMtdGV4dC1jb2xvciBoYXMtYmFja2dyb3VuZCIgaHJlZj0iIiBvbmNsaWNrPSJDYWxlbmRseS5pbml0UG9wdXBXaWRnZXQoe3VybDogJ2h0dHBzOi8vY2FsZW5kbHkuY29tL3Bvc2l0aXZlLWhyL3JlbW90ZV9tZWV0aW5nJ30pO3JldHVybiBmYWxzZTsiPlRFUk1JTiBCVUNIRU48L2E+PC9kaXY+Cg==<\/script><\/div><\/div>\n\n\n\n<div class=\"wp-block-button is-style-fill\"><a class=\"wp-block-button__link has-sitebg-color has-accent-1-background-color has-text-color has-background wp-element-button\" href=\"tel:+49-152-286-737-54\">DIREKT ANRUFEN<\/a><\/div>\n\n\n\n<div class=\"wp-block-button is-style-fill\"><a class=\"wp-block-button__link has-sitebg-color has-accent-1-background-color has-text-color has-background wp-element-button\" href=\"mailto:ms@positive-hr.de\">DIREKT MAILEN<\/a><\/div>\n<\/div>\n\n\n\n<p>&nbsp;<\/p>\n<\/div><\/div>\n","protected":false},"excerpt":{"rendered":"<p>POSITIVE HR beruht auf St\u00e4rkenorientierung und die leben wir. MICHAEL STIEF Gr\u00fcnder von POSITIVE HR . MANAGMENT. Experte f\u00fcr HR-Management, Personalentwicklung, F\u00fchrung und Selbstmanagement. Berater, Speaker, Coach. MA in Linguistik und Informatik, Berufs- und F\u00fchrungserfahrung in Erwachsenenbildung, Personalentwicklung und HR-Management. Branchenerfahrung im Banking, IT, Health und Hospitality-Sektor. Positive Psychologie, DVNLP-Trainer, &hellip;<\/p>\n","protected":false},"author":1,"featured_media":554,"parent":0,"menu_order":0,"comment_status":"closed","ping_status":"closed","template":"","meta":[],"_links":{"self":[{"href":"https:\/\/www.positive-hr.de\/de\/wp-json\/wp\/v2\/pages\/224"}],"collection":[{"href":"https:\/\/www.positive-hr.de\/de\/wp-json\/wp\/v2\/pages"}],"about":[{"href":"https:\/\/www.positive-hr.de\/de\/wp-json\/wp\/v2\/types\/page"}],"author":[{"embeddable":true,"href":"https:\/\/www.positive-hr.de\/de\/wp-json\/wp\/v2\/users\/1"}],"replies":[{"embeddable":true,"href":"https:\/\/www.positive-hr.de\/de\/wp-json\/wp\/v2\/comments?post=224"}],"version-history":[{"count":12,"href":"https:\/\/www.positive-hr.de\/de\/wp-json\/wp\/v2\/pages\/224\/revisions"}],"predecessor-version":[{"id":1216,"href":"https:\/\/www.positive-hr.de\/de\/wp-json\/wp\/v2\/pages\/224\/revisions\/1216"}],"wp:featuredmedia":[{"embeddable":true,"href":"https:\/\/www.positive-hr.de\/de\/wp-json\/wp\/v2\/media\/554"}],"wp:attachment":[{"href":"https:\/\/www.positive-hr.de\/de\/wp-json\/wp\/v2\/media?parent=224"}],"curies":[{"name":"wp","href":"https:\/\/api.w.org\/{rel}","templated":true}]}}