{"id":24,"date":"2015-02-25T17:08:05","date_gmt":"2015-02-25T16:08:05","guid":{"rendered":"http:\/\/www.visionandaction.com\/ms\/?page_id=24"},"modified":"2023-04-22T18:18:02","modified_gmt":"2023-04-22T16:18:02","slug":"michael-stief","status":"publish","type":"page","link":"https:\/\/www.positive-hr.de\/de\/michael-stief\/","title":{"rendered":"MICHAEL STIEF"},"content":{"rendered":"\n<figure class=\"wp-block-image size-full is-resized is-style-rounded\"><img decoding=\"async\" loading=\"lazy\" src=\"http:\/\/www.positive-hr.de\/de\/wp-content\/uploads\/2023\/04\/ms2023_2_1024.png\" alt=\"\" class=\"wp-image-1169\" width=\"256\" height=\"248\" srcset=\"https:\/\/www.positive-hr.de\/de\/wp-content\/uploads\/2023\/04\/ms2023_2_1024.png 1024w, https:\/\/www.positive-hr.de\/de\/wp-content\/uploads\/2023\/04\/ms2023_2_1024-300x291.png 300w, https:\/\/www.positive-hr.de\/de\/wp-content\/uploads\/2023\/04\/ms2023_2_1024-768x745.png 768w, https:\/\/www.positive-hr.de\/de\/wp-content\/uploads\/2023\/04\/ms2023_2_1024-361x350.png 361w\" sizes=\"(max-width: 256px) 100vw, 256px\" \/><\/figure>\n\n\n\n<h3>&nbsp;&nbsp;&nbsp;&nbsp;&nbsp;&nbsp;&nbsp;MICHAEL STIEF<\/h3>\n\n\n\n<blockquote class=\"wp-block-quote\">\n<p><em>Experte f\u00fcr HR-Management, Personalentwicklung, F\u00fchrung und Selbstmanagement.<\/em><\/p>\n\n\n\n<p><em>MA in Linguistik und Informatik.<\/em><\/p>\n\n\n\n<p><em>Berufs- und F\u00fchrungserfahrung in Erwachsenenbildung, Personalentwicklung und HR-Management. <\/em><\/p>\n\n\n\n<p><em>Branchenerfahrung im Banking, Health, IT und Hospitality-Sektor.<\/em><\/p>\n\n\n\n<p><em>Positive Psychologie, DVNLP-Trainer, Systemischer Coach, PERMA-LEAD\u00a9 Potenzialanalyse, 360\u00b0-Feedback und Unternehmensanalyse.<\/em><\/p>\n\n\n\n<p><em>Initiator des Netzwerks Positive HR.<\/em><\/p>\n<\/blockquote>\n\n\n\n<figure class=\"wp-block-table\"><table><tbody><tr><td>&nbsp;<\/td><\/tr><\/tbody><\/table><\/figure>\n\n\n\n<p>Rund 30 Jahre Erfahrung in verschiedenen Rollen in der Erwachsenenbildung, der Personalentwicklung \u2013 meist in F\u00fchrungspositionen, zuletzt 12 Jahre als Leiter HR-Management und Personalentwicklung.<\/p>\n\n\n\n<p>Unternehmer, F\u00fchrungskr\u00e4fte und Privatpersonen berate ich in allen Fragen der Positiven HR und entwickelt mit Ihnen passgenaue L\u00f6sungen in den Bereichen HR-Management, Personalentwicklung, F\u00fchrung und Selbstmanagement &#8211; von der strategischen Analyse, \u00fcber die passgenaue Auswahl von Ma\u00dfnahmen bis zur Umsetzung mit eigenen Ressourcen oder im Netzwerk mit ausgew\u00e4hlten Experten.<\/p>\n\n\n\n<p>Als Coach und Prozessbegleiter unterst\u00fctze ich bei der Entwicklung und Umsetzung strategischer Visionen, Entfaltung von Potenzialen und der Gestaltung gesunder, gl\u00fccklicher und produktiver Beziehungen.<\/p>\n\n\n\n<p>Als Keynote Speaker und Autor widme ich mich&nbsp; Fragen der Positiven HR, F\u00fchrung, des Selbstmanagement, der Positiven Psychologie und der Kommunikation. Mein Fokus ist das Thema F\u00fchrung in allen Facetten von deren linguistisch-kognitiven Grundlagen, \u00fcber die Prinzipien der Benediktsregel, bis hin zu neuster neurologischen und sozialpsychologischen Erkenntnissen.<\/p>\n\n\n\n<p>Verheiratet, 3 Kinder .<\/p>\n\n\n\n<p><span style=\"color: #990000;\">[Fon +49-152-28673754] | <a href=\"mailto:ms@michaelstief.com\">[MAIL]<\/a> | <a title=\"VITA\" href=\"http:\/\/www.visionandaction.com\/files\/michael_stief_cv.pdf\" target=\"_blank\" rel=\"noopener noreferrer\">[VITA]<\/a><\/span><\/p>\n","protected":false},"excerpt":{"rendered":"<p>&nbsp;&nbsp;&nbsp;&nbsp;&nbsp;&nbsp;&nbsp;MICHAEL STIEF Experte f\u00fcr HR-Management, Personalentwicklung, F\u00fchrung und Selbstmanagement. MA in Linguistik und Informatik. Berufs- und F\u00fchrungserfahrung in Erwachsenenbildung, Personalentwicklung und HR-Management. Branchenerfahrung im Banking, Health, IT und Hospitality-Sektor. Positive Psychologie, DVNLP-Trainer, Systemischer Coach, PERMA-LEAD\u00a9 Potenzialanalyse, 360\u00b0-Feedback und Unternehmensanalyse. Initiator des Netzwerks Positive HR. &nbsp; Rund 30 Jahre Erfahrung in &hellip;<\/p>\n","protected":false},"author":1,"featured_media":0,"parent":0,"menu_order":0,"comment_status":"closed","ping_status":"closed","template":"","meta":[],"_links":{"self":[{"href":"https:\/\/www.positive-hr.de\/de\/wp-json\/wp\/v2\/pages\/24"}],"collection":[{"href":"https:\/\/www.positive-hr.de\/de\/wp-json\/wp\/v2\/pages"}],"about":[{"href":"https:\/\/www.positive-hr.de\/de\/wp-json\/wp\/v2\/types\/page"}],"author":[{"embeddable":true,"href":"https:\/\/www.positive-hr.de\/de\/wp-json\/wp\/v2\/users\/1"}],"replies":[{"embeddable":true,"href":"https:\/\/www.positive-hr.de\/de\/wp-json\/wp\/v2\/comments?post=24"}],"version-history":[{"count":13,"href":"https:\/\/www.positive-hr.de\/de\/wp-json\/wp\/v2\/pages\/24\/revisions"}],"predecessor-version":[{"id":1172,"href":"https:\/\/www.positive-hr.de\/de\/wp-json\/wp\/v2\/pages\/24\/revisions\/1172"}],"wp:attachment":[{"href":"https:\/\/www.positive-hr.de\/de\/wp-json\/wp\/v2\/media?parent=24"}],"curies":[{"name":"wp","href":"https:\/\/api.w.org\/{rel}","templated":true}]}}