{"id":26,"date":"2015-02-25T17:08:23","date_gmt":"2015-02-25T16:08:23","guid":{"rendered":"http:\/\/www.visionandaction.com\/ms\/?page_id=26"},"modified":"2023-09-01T10:19:49","modified_gmt":"2023-09-01T08:19:49","slug":"ressourcen","status":"publish","type":"page","link":"https:\/\/www.positive-hr.de\/de\/ressourcen\/","title":{"rendered":"RESSOURCEN"},"content":{"rendered":"\n<h2 class=\"wp-block-heading\">EIGENE PUBLIKATIONEN<\/h2>\n\n\n\n<p><a href=\"https:\/\/www.focus.de\/wissen\/mensch\/psychische-und-koerperliche-schaeden-sitzen-ist-das-neue-rauchen-drei-strategien-gegen-die-sitz-krankheit_id_200810324.html \" target=\"_blank\" rel=\"noreferrer noopener\">&#8222;Sitzen ist das neue Rauchen: Drei Strategien gegen die Sitz-Krankheit&#8220;, FOCUS online<\/a><br>Welche Folgen hat zu langes Sitzen und was hilft dagegen.<\/p>\n\n\n\n<p><a href=\"https:\/\/www.focus.de\/wissen\/mensch\/emotionales-judo-so-gehen-sie-richtig-mit-negativen-gefuehlen-um_id_194758088.html\" target=\"_blank\" rel=\"noreferrer noopener\">&#8222;Emotionales Judo: So gehen Sie richtig mit negativen Gef\u00fchlen um&#8220;, FOCUS online<\/a><br>Mit Emotionaler Agilit\u00e4t leichter durchs Lebens<\/p>\n\n\n\n<p><a href=\"https:\/\/www.focus.de\/wissen\/mensch\/warum-das-80-20-prinzip-ein-update-braucht_id_190098571.html\" target=\"_blank\" rel=\"noreferrer noopener\">&#8222;Warum das 80:20-Prinzip ein Update braucht&#8220;, FOCUS online<\/a><br>Wie bringen wie Effektivit\u00e4t und Effizienz gut zusammen?<\/p>\n\n\n\n<p><a href=\"https:\/\/www.focus.de\/wissen\/mensch\/so-klappts-mit-dem-schlaf-trotz-sorgen_id_183386129.html\" target=\"_blank\" rel=\"noreferrer noopener\">&#8222;Jeder Einzelne kann die Epidemie der Schlaflosigkeit bek\u00e4mpfen&#8220;, FOCUS online<\/a><br>Wie wir leichter in den Schlaf finden.<\/p>\n\n\n\n<p><a href=\"https:\/\/www.focus.de\/wissen\/mensch\/welcher-job-passt-zu-mir_id_185720058.html\" target=\"_blank\" rel=\"noreferrer noopener\">&#8222;Welcher Job passt zu mir?&#8220;, FOCUS online<\/a><br>Mit dem Ikigai-Modell zum Traumberuf.<\/p>\n\n\n\n<p><a href=\"https:\/\/www.positive-hr.de\/files\/movo_6_gute_vorsaetze_zeitmanagement_offprint.pdf\" target=\"_blank\" rel=\"noreferrer noopener\">&#8222;Neues Jahr, neues Gl\u00fcck: So erreichen Sie Ihre Ziele&#8220;, FOCUS online<\/a><br>Wie wir Ziele leichter erreichen k\u00f6nnen. (offprint)<\/p>\n\n\n\n<p><a href=\"https:\/\/www.focus.de\/wissen\/mensch\/endlich-kein-arschloch-mehr-wie-ich-meinen-narzissmus-in-den-griff-bekam_id_179277202.html\" target=\"_blank\" rel=\"noreferrer noopener\">&#8222;Wie ich meinen Narzissmus in den Griff bekam&#8220;, FOCUS online<\/a><br>Wie wir die negativen Auswirkungen unseres Charakters kanalisieren k\u00f6nnen.<\/p>\n\n\n\n<p><a href=\"https:\/\/www.positive-hr.de\/files\/movo_4_woop_methode_offprint.pdf\" target=\"_blank\" rel=\"noreferrer noopener\">&#8222;WOOP-Methode: So nutzt du Hindernisse, um deine Ziele zu erreichen&#8220;, FOCUS online<\/a><br>Wie wir W\u00fcnsche realisieren k\u00f6nnen. (offprint)<\/p>\n\n\n\n<p><a href=\"https:\/\/www.positive-hr.de\/files\/movo_3_der_stoff_aus_dem_die_helden_sind_hero_modell_offprint.pdf\" target=\"_blank\" rel=\"noreferrer noopener\">&#8222;Den eigenen Iron Man entdecken: Durchhalteverm\u00f6gen l\u00e4sst sich trainieren&#8220;, FOCUS online<\/a><br>Wie wir Resilienz und mentale St\u00e4rke aufbauen k\u00f6nnen. (offprint)<\/p>\n\n\n\n<p><a href=\"https:\/\/www.focus.de\/partner\/movo\/perma-modell-diese-fuenf-wege-fuehren-zu-dauerhaftem-glueck_id_76095234.html\" target=\"_blank\" rel=\"noreferrer noopener\">&#8222;Coach sicher: Der Weg zu Gl\u00fcck und Zufriedenheit liegt im Warum&#8220;, FOCUS online<\/a><br>Warum Gl\u00fcck keine Gl\u00fccksache ist und was wir daf\u00fcr tun k\u00f6nnen<\/p>\n\n\n\n<p><a href=\"https:\/\/www.focus.de\/wissen\/mensch\/gluecklich-werden-happiness-workout-mit-drei-einfachen-uebungen_id_44158465.html\" target=\"_blank\" rel=\"noreferrer noopener\">&#8222;Das &#8218;Happiness-Workout&#8216;: Mit drei einfachen \u00dcbungen werden Sie gl\u00fccklicher&#8220;, FOCUS online<\/a><br>Noch ein Happiness-Workout<\/p>\n\n\n\n<p><a href=\"https:\/\/www.positive-hr.de\/files\/movo_glueck_selbstgemacht.pdf\" target=\"_blank\" rel=\"noreferrer noopener\">&#8222;Gl\u00fcck selbstgemacht?!&#8220;, MOVO 2\/2022<\/a><br>Ein Happiness-Workout. (offprint)<\/p>\n\n\n\n<p><a href=\"https:\/\/www.positive-hr.de\/files\/pk_glueck_und_geschaeft.pdf\" target=\"_blank\" rel=\"noreferrer noopener\">&#8222;Gl\u00fcck und Gesch\u00e4ft&#8220;, PRAXIS KOMMUNIKATION 6\/2020<\/a><br>Das Positive Mindset, Gl\u00fcck und Business. (offprint)<\/p>\n\n\n\n<p><a href=\"https:\/\/www.positive-hr.de\/de\/files\/pk_analog_lernen.pdf\" target=\"_blank\" rel=\"noreferrer noopener\">&#8222;Wof\u00fcr spricht der Berg: Analog lernen. Ein Konzept.&#8220;, PRAXIS KOMMUNIKATION 3\/2020<\/a><br>Mit Outdoor-Training &amp; Positiver Psychologie zu neuen Analogie f\u00fcr die Praxis. (offprint)<\/p>\n\n\n\n<p><a href=\"https:\/\/www.positive-hr.de\/files\/artikel_movo_jakobsweg.pdf\" target=\"_blank\" rel=\"noreferrer noopener\">&#8222;Der Jakobsweg war erst der Anfang&#8220;, MOVO 2\/2020<\/a><br>Ein neuer Anfang auf dem Jakobsweg. (offprint)<\/p>\n\n\n\n<p><a href=\"https:\/\/www.positive-hr.de\/de\/files\/pk_jakobsweg_coaching_s.pdf\" target=\"_blank\" rel=\"noreferrer noopener\">&#8222;Im Vor\u00fcbergehen&#8220;, PRAXIS KOMMUNIKATION 6\/2018<\/a><br>Outdoor-Coaching auf dem Jakobsweg. (offprint)<\/p>\n\n\n\n<p><a href=\"https:\/\/www.positive-hr.de\/files\/kubrikpk.pdf\" target=\"_blank\" rel=\"noreferrer noopener\">&#8222;Der richtige Dreh&#8220;, PRAXIS KOMMUNIKATION 3\/2015<br><\/a>Die KUBRIK-STRATEGIE kompakt erkl\u00e4rt. (offprint)<\/p>\n\n\n\n<p><a href=\"https:\/\/www.positive-hr.de\/files\/kubrikmovo.pdf\" target=\"_blank\" rel=\"noopener noreferrer\">&#8222;Das Lebenschaos meistern&#8220;, MOVO 4\/2015<br><\/a>Eine spirituelle Sicht auf die KUBRIK-STRATEGIE (offprint)<\/p>\n\n\n\n<p>In: &#8222;Tipps, Trends und Nachrichten&#8220;, Deutschen Sparkassen Verlag<\/p>\n\n\n\n<p><strong>Seminarberichte<\/strong><\/p>\n\n\n\n<p><a href=\"https:\/\/www.positive-hr.de\/files\/DSV_3_3_21_gewaltfreie-kommunikation.pdf\" target=\"_blank\" rel=\"noopener noreferrer\">Vom Konflikt zur Kooperation: Ein Grundlagenseminar in Gewaltfreier Kommunikation, im Druck<br><\/a>Ein GfK-Seminar mit Klaus Karst\u00e4dt, Friederike Kahlau-Karst\u00e4dt und Assistenten<\/p>\n\n\n\n<p><a href=\"https:\/\/www.positive-hr.de\/files\/DSV_3_3_20_spiritualitaet.pdf\" target=\"_blank\" rel=\"noopener noreferrer\">Spiritualit\u00e4t \u2013 die geistige Dimension des F\u00fchrens, 2014<br><\/a>F\u00fchrungsseminar mit Abtprimas Notker Wolf OSB nach den Grunds\u00e4tzen der Benediktsregel<br>(Management Centrum Schloss Lautrach)<\/p>\n\n\n\n<p><a href=\"https:\/\/www.positive-hr.de\/files\/DSV_2011_3_3_18_zugang_finden.pdf\" target=\"_blank\" rel=\"noreferrer noopener\">Zugang&nbsp;finden &#8211; Selbstmanagement im Hier und Jetzt, 2011<br><\/a>Einsteiger-Seminar ins Neuro-Linguistische Programmieren bei Kommunikationstraining Simmerl<\/p>\n\n\n\n<p><strong>Buchbesprechungen<\/strong><\/p>\n\n\n\n<p><a href=\"https:\/\/www.positive-hr.de\/files\/DSV_3_9_28_frauen-und-finanzen.pdf\" target=\"_blank\" rel=\"noreferrer noopener\">Prediger\/Ogrzal\/Machost: Frauen und Finanzen, 2011<\/a><\/p>\n\n\n\n<p><a href=\"https:\/\/www.positive-hr.de\/files\/DSV_3_9_27_Covey.pdf\" target=\"_blank\" rel=\"noreferrer noopener\">Covey: Die sieben Wege zur Effektivit\u00e4t, 2010<\/a><\/p>\n\n\n\n<p><a href=\"https:\/\/www.positive-hr.de\/files\/DSV_3_9_26_mehr-erfolg-im-verkauf.pdf\" target=\"_blank\" rel=\"noreferrer noopener\">Vilsmeier: Mehr Erfolg im Verkauf, 2010<\/a><\/p>\n\n\n\n<p><strong>Originalartikel in der Rubrik &#8222;Impulse f\u00fcr die Praxis&#8220;<\/strong><\/p>\n\n\n\n<p><a href=\"https:\/\/www.positive-hr.de\/files\/DSV_Positive_Psychologie.pdf\" target=\"_blank\" rel=\"noreferrer noopener\">Don&#8217;t worry be happy &#8211; das Einmaleins des Gl\u00fccks (Positive Psychologie), 2015<\/a><\/p>\n\n\n\n<p><a href=\"https:\/\/www.positive-hr.de\/files\/DSV_5_6_12_gamification.pdf\" target=\"_blank\" rel=\"noreferrer noopener\">Gamification &#8211; Das Leben ist (k)ein Spiel, 2015<\/a><\/p>\n\n\n\n<p><a href=\"https:\/\/www.positive-hr.de\/files\/DSV_5_6_11_80-20_40-20-40.pdf\" target=\"_blank\" rel=\"noreferrer noopener\">Die Mathematik der Effektivit\u00e4t &#8211; Das 80:20-Prinzip und was Softwareentwicklern dazu einf\u00e4llt, 2015<\/a><\/p>\n\n\n\n<p><a href=\"https:\/\/www.positive-hr.de\/files\/pecha_kucha_artikel.pdf\" target=\"_blank\" rel=\"noreferrer noopener\">&#8222;Alles was sich sagen l\u00e4sst, l\u00e4sst sich klar sagen&#8220; &#8211; Pr\u00e4sentieren mit Pecha Kucha, 2012<\/a><\/p>\n\n\n\n<p><a href=\"https:\/\/www.positive-hr.de\/files\/DSV_2011_5_6_07_aergerliche-reize.pdf\" target=\"_blank\" rel=\"noreferrer noopener\">Das einzige was st\u00f6rt ist der Kunde? \u2013 \u00c4rgerliche Reize im Vertrieb, 2011<\/a><\/p>\n\n\n\n<p><a href=\"https:\/\/www.positive-hr.de\/files\/DSV_2010_5_6_6_netzwerke.pdf\" target=\"_blank\" rel=\"noreferrer noopener\">Wie man sich bettet, so liegt man \u2013 Vernetzung &amp; Networking, 2010<\/a><\/p>\n\n\n\n<p><a href=\"https:\/\/www.positive-hr.de\/files\/DSV_2009_5_6_4_EQ.pdf\" target=\"_blank\" rel=\"noreferrer noopener\">Mit Speck f\u00e4ngt man M\u00e4use \u2013 Emotionale Intelligenz, 2009<\/a><\/p>\n\n\n\n<p><a href=\"https:\/\/www.positive-hr.de\/files\/DSV_2009_5_6_3_sport.pdf\" target=\"_blank\" rel=\"noopener noreferrer\">Es lebe der Sport \u2013 Sport als Modell der Wirtschaft, 2009<\/a><\/p>\n\n\n\n<p><a href=\"https:\/\/www.positive-hr.de\/files\/DSV_2009_5_6_2_gesundheit.pdf\" target=\"_blank\" rel=\"noopener noreferrer\">Hauptsache gesund?! \u2013 Gesundheit, 2009<\/a><\/p>\n\n\n\n<p><a href=\"https:\/\/www.positive-hr.de\/files\/DSV_2009_5_6_1_WLB.pdf\" target=\"_blank\" rel=\"noopener noreferrer\">Der Mensch lebt nicht vom Brot allein \u2013 Work-Life-Balance, 2009<\/a><\/p>\n\n\n\n<p><a href=\"https:\/\/www.positive-hr.de\/files\/DSV_ImpulsefurdiePraxisIndirmussbrennen.pdf\" target=\"_blank\" rel=\"noopener noreferrer\">In Dir muss brennen, was Du in anderen entz\u00fcnden willst &#8211; Pers\u00f6nlichkeit und F\u00fchrung (2012)<\/a><br>Warum Pers\u00f6nlichkeit und F\u00fchrungsf\u00e4higkeiten eng zusammen h\u00e4ngen &#8230;<\/p>\n\n\n\n<p><a href=\"https:\/\/www.positive-hr.de\/files\/DSV_xq.pdf\" target=\"_blank\" rel=\"noopener noreferrer\">IQ? EQ? XQ! &#8211; Es gibt nichts Gutes, au\u00dfer man tut es (2010)<\/a><br>Neben der klassischen Intelligenz und der popul\u00e4ren emotionalen Intelligenz gibt es noch weitere Intelligenzen und der XQ k\u00f6nnte die wichtigste davon sein &#8230;<\/p>\n\n\n\n<div class=\"wp-block-group has-background is-layout-flow\" style=\"background-color:#ececec\"><div class=\"wp-block-group__inner-container\">\n<p>&nbsp;<\/p>\n\n\n\n<h4 class=\"wp-block-heading has-text-align-center\">SIE WOLLEN EINEN FACHARTIKEL <br>ZU POSITIVE HR ODER UNSEREN WEITEREN THEMEN PUBLIZIEREN?<\/h4>\n\n\n\n<p class=\"has-text-align-center\">Dann vereinbaren Sie jetzt einen kostenlosen Termin.&nbsp;<br>Ich berate Sie gerne individuell.<\/p>\n\n\n<div class=\"wp-block-image is-style-rounded\">\n<figure class=\"aligncenter size-full is-resized\"><img decoding=\"async\" loading=\"lazy\" src=\"http:\/\/www.positive-hr.de\/de\/wp-content\/uploads\/2025\/05\/ms-rechts-3U3A5368-Bearbeitet-rund-2.png\" alt=\"\" class=\"wp-image-1214\" width=\"240\" height=\"240\" srcset=\"https:\/\/www.positive-hr.de\/de\/wp-content\/uploads\/2025\/05\/ms-rechts-3U3A5368-Bearbeitet-rund-2.png 961w, https:\/\/www.positive-hr.de\/de\/wp-content\/uploads\/2025\/05\/ms-rechts-3U3A5368-Bearbeitet-rund-2-300x300.png 300w, https:\/\/www.positive-hr.de\/de\/wp-content\/uploads\/2025\/05\/ms-rechts-3U3A5368-Bearbeitet-rund-2-150x150.png 150w, https:\/\/www.positive-hr.de\/de\/wp-content\/uploads\/2025\/05\/ms-rechts-3U3A5368-Bearbeitet-rund-2-768x768.png 768w, https:\/\/www.positive-hr.de\/de\/wp-content\/uploads\/2025\/05\/ms-rechts-3U3A5368-Bearbeitet-rund-2-350x350.png 350w\" sizes=\"(max-width: 240px) 100vw, 240px\" \/><\/figure><\/div>\n\n\n<p class=\"has-text-align-center\">Michael Stief<\/p>\n\n\n\n<div class=\"wp-block-buttons is-content-justification-center is-layout-flex wp-container-1\">\n<div class=\"BorlabsCookie _brlbs-cb-calendly\"><div class=\"_brlbs-content-blocker\"> <div class=\"_brlbs-default\"> <p>Klicken Sie auf den unteren Button, um online einen Termin \u00fcber Calendly zu buchen.<\/p> <p><a class=\"_brlbs-btn\" href=\"#\" data-borlabs-cookie-unblock role=\"button\">Inhalt laden<\/a><\/p> <a href=\"https:\/\/calendly.com\/privacy\" target=\"_blank\" rel=\"nofollow noopener noreferrer\">Mehr erfahren<\/a> <p><label><input type=\"checkbox\" name=\"unblockAll\" value=\"1\" checked=\"\"><small>Calendly immer entsperren<\/small><\/label><\/p> <\/div> <\/div><div class=\"borlabs-hide\" data-borlabs-cookie-type=\"content-blocker\" data-borlabs-cookie-id=\"calendly\"><script type=\"text\/template\">CjwhLS0gQ2FsbC10by1BY3Rpb24tSGVhZGVyCkRpZXNlciBBYnNjaG5pdHQgc29yZ3QgZsO8ciBkaWUga29ycmVrdGUgRnVua3Rpb24gZGVzIENhbGwtdG8tQWN0aW9uLUFic2Nobml0dHMKRm9sZ2VuZGUgTGlua3Mgd2VyZGVuIHZlcndlbmRldDoKcmVsPSIiIG9uY2xpY2s9IkNhbGVuZGx5LmluaXRQb3B1cFdpZGdldCh7dXJsOiAnaHR0cHM6Ly9jYWxlbmRseS5jb20vcG9zaXRpdmUtaHIvcmVtb3RlX21lZXRpbmcnfSk7cmV0dXJuIGZhbHNlOyIKaHJlZj0ibWFpbHRvOm1zQHBvc2l0aXZlLWhyLmRlIgpocmVmPSJ0ZWw6KzQ5LTE1Mi0yODYtNzM3LTU0IgotLT4KPCEtLSBDYWxlbmRseSBsaW5rIHdpZGdldCBiZWdpbiAtLT4KPGxpbmsgaHJlZj0iaHR0cHM6Ly9hc3NldHMuY2FsZW5kbHkuY29tL2Fzc2V0cy9leHRlcm5hbC93aWRnZXQuY3NzIiByZWw9InN0eWxlc2hlZXQiPgo8c2NyaXB0IHNyYz0iaHR0cHM6Ly9hc3NldHMuY2FsZW5kbHkuY29tL2Fzc2V0cy9leHRlcm5hbC93aWRnZXQuanMiIHR5cGU9InRleHQvamF2YXNjcmlwdCI+PC9zY3JpcHQ+CjwhLS0gQ2FsZW5kbHkgbGluayB3aWRnZXQgZW5kIC0tPgo8IS0tIEVuZGUgQ2FsbC10by1BY3Rpb24tSGVhZGVyIC0tPgo8ZGl2IGNsYXNzPSJ3cC1ibG9jay1idXR0b24iPjxhIGNsYXNzPSJ3cC1ibG9jay1idXR0b25fX2xpbmsgaGFzLXNpdGViZy1jb2xvciBoYXMtYWNjZW50LTEtYmFja2dyb3VuZC1jb2xvciBoYXMtdGV4dC1jb2xvciBoYXMtYmFja2dyb3VuZCIgaHJlZj0iIiBvbmNsaWNrPSJDYWxlbmRseS5pbml0UG9wdXBXaWRnZXQoe3VybDogJ2h0dHBzOi8vY2FsZW5kbHkuY29tL3Bvc2l0aXZlLWhyL3JlbW90ZV9tZWV0aW5nJ30pO3JldHVybiBmYWxzZTsiPlRFUk1JTiBCVUNIRU48L2E+PC9kaXY+Cg==<\/script><\/div><\/div>\n\n\n\n<div class=\"wp-block-button is-style-fill\"><a class=\"wp-block-button__link has-sitebg-color has-accent-1-background-color has-text-color has-background wp-element-button\" href=\"tel:+49-152-286-737-54\">DIREKT ANRUFEN<\/a><\/div>\n\n\n\n<div class=\"wp-block-button is-style-fill\"><a class=\"wp-block-button__link has-sitebg-color has-accent-1-background-color has-text-color has-background wp-element-button\" href=\"mailto:ms@positive-hr.de\">DIREKT MAILEN<\/a><\/div>\n<\/div>\n\n\n\n<p>&nbsp;<\/p>\n<\/div><\/div>\n","protected":false},"excerpt":{"rendered":"<p>EIGENE PUBLIKATIONEN &#8222;Sitzen ist das neue Rauchen: Drei Strategien gegen die Sitz-Krankheit&#8220;, FOCUS onlineWelche Folgen hat zu langes Sitzen und was hilft dagegen. &#8222;Emotionales Judo: So gehen Sie richtig mit negativen Gef\u00fchlen um&#8220;, FOCUS onlineMit Emotionaler Agilit\u00e4t leichter durchs Lebens &#8222;Warum das 80:20-Prinzip ein Update braucht&#8220;, FOCUS onlineWie bringen wie &hellip;<\/p>\n","protected":false},"author":1,"featured_media":562,"parent":0,"menu_order":0,"comment_status":"closed","ping_status":"closed","template":"","meta":[],"_links":{"self":[{"href":"https:\/\/www.positive-hr.de\/de\/wp-json\/wp\/v2\/pages\/26"}],"collection":[{"href":"https:\/\/www.positive-hr.de\/de\/wp-json\/wp\/v2\/pages"}],"about":[{"href":"https:\/\/www.positive-hr.de\/de\/wp-json\/wp\/v2\/types\/page"}],"author":[{"embeddable":true,"href":"https:\/\/www.positive-hr.de\/de\/wp-json\/wp\/v2\/users\/1"}],"replies":[{"embeddable":true,"href":"https:\/\/www.positive-hr.de\/de\/wp-json\/wp\/v2\/comments?post=26"}],"version-history":[{"count":31,"href":"https:\/\/www.positive-hr.de\/de\/wp-json\/wp\/v2\/pages\/26\/revisions"}],"predecessor-version":[{"id":1204,"href":"https:\/\/www.positive-hr.de\/de\/wp-json\/wp\/v2\/pages\/26\/revisions\/1204"}],"wp:featuredmedia":[{"embeddable":true,"href":"https:\/\/www.positive-hr.de\/de\/wp-json\/wp\/v2\/media\/562"}],"wp:attachment":[{"href":"https:\/\/www.positive-hr.de\/de\/wp-json\/wp\/v2\/media?parent=26"}],"curies":[{"name":"wp","href":"https:\/\/api.w.org\/{rel}","templated":true}]}}