{"id":308,"date":"2019-04-12T19:41:25","date_gmt":"2019-04-12T17:41:25","guid":{"rendered":"http:\/\/www.visionandaction.com\/ms\/?page_id=308"},"modified":"2025-05-07T19:14:44","modified_gmt":"2025-05-07T17:14:44","slug":"perma-lead-fuehrungs-feedback","status":"publish","type":"page","link":"https:\/\/www.positive-hr.de\/de\/perma-lead-fuehrungs-feedback\/","title":{"rendered":"PERMA-LEAD\u00a9 F\u00dcHRUNGS-FEEDBACK"},"content":{"rendered":"\n<div style=\"height:24px\" aria-hidden=\"true\" class=\"wp-block-spacer\"><\/div>\n\n\n\n<h3 class=\"wp-block-heading\">Machen Sie Ihr Team gl\u00fccklich?!<br><\/h3>\n\n\n\n<figure class=\"wp-block-image size-large\"><img decoding=\"async\" loading=\"lazy\" width=\"1024\" height=\"251\" src=\"http:\/\/www.positive-hr.de\/de\/wp-content\/uploads\/2021\/01\/pexels-\u795d-\u9e64\u69d0-1151299-scaled-e1610475237615-1024x251.jpg\" alt=\"\" class=\"wp-image-587\" srcset=\"https:\/\/www.positive-hr.de\/de\/wp-content\/uploads\/2021\/01\/pexels-\u795d-\u9e64\u69d0-1151299-scaled-e1610475237615-1024x251.jpg 1024w, https:\/\/www.positive-hr.de\/de\/wp-content\/uploads\/2021\/01\/pexels-\u795d-\u9e64\u69d0-1151299-scaled-e1610475237615-300x73.jpg 300w, https:\/\/www.positive-hr.de\/de\/wp-content\/uploads\/2021\/01\/pexels-\u795d-\u9e64\u69d0-1151299-scaled-e1610475237615-768x188.jpg 768w, https:\/\/www.positive-hr.de\/de\/wp-content\/uploads\/2021\/01\/pexels-\u795d-\u9e64\u69d0-1151299-scaled-e1610475237615-1536x376.jpg 1536w, https:\/\/www.positive-hr.de\/de\/wp-content\/uploads\/2021\/01\/pexels-\u795d-\u9e64\u69d0-1151299-scaled-e1610475237615-2048x502.jpg 2048w, https:\/\/www.positive-hr.de\/de\/wp-content\/uploads\/2021\/01\/pexels-\u795d-\u9e64\u69d0-1151299-scaled-e1610475237615-611x150.jpg 611w\" sizes=\"(max-width: 1024px) 100vw, 1024px\" \/><figcaption class=\"wp-element-caption\">PERMA-LEAD\u00a9-Feedback<\/figcaption><\/figure>\n\n\n\n<div style=\"height:24px\" aria-hidden=\"true\" class=\"wp-block-spacer\"><\/div>\n\n\n\n<p>F\u00fchrungskr\u00e4fte brauchen Feedback. Feedback dar\u00fcber, wie das wirkt, was sie reden und tun, und was es bewirkt. Diese Wirkung nur an den betriebswirtschaftlich relevanten Ergebnissen zu messen, w\u00e4re fahrl\u00e4ssig. Warum, weil diese Ergebnisse \u00fcberwiegend von den Mitarbeitenden erbracht werden und f\u00fcr diese gilt die Praxiserkenntnis:<\/p>\n\n\n\n<blockquote class=\"wp-block-quote\">\n<p>Mitarbeiter schlie\u00dfen sich einem Unternehmen an <br>und verlassen F\u00fchrungskr\u00e4fte<\/p>\n<cite>Anonym<\/cite><\/blockquote>\n\n\n\n<div style=\"height:24px\" aria-hidden=\"true\" class=\"wp-block-spacer\"><\/div>\n\n\n\n<h3 class=\"wp-block-heading\">Bekommen Sie genug wirksames Feedback?<br><\/h3>\n\n\n\n<p>\u00dcber die Bedeutung Ihres F\u00fchrungshandelns entscheiden am Ende die Empf\u00e4nger. <\/p>\n\n\n\n<p>Und \u00fcber diese Bedeutung bekommen Sie als F\u00fchrungskraft selten ungef\u00e4rbte Feedback, frei von den Interessen der Feedbackgeber. Ob das nun Mitarbeiter_innen, Vorgesetzte oder Kolleg_innen sind. <\/p>\n\n\n\n<p>Das ist normal, verst\u00e4ndlich und doch ein Jammer, denn nur wer seine Wirkung kennt, kann entscheiden, ob diese Wirkung auch so gewollt war und sein Handeln beibehalten oder \u00e4ndern.<br><\/p>\n\n\n\n<h3 class=\"wp-block-heading\">Was wirkt? &#8211; Positive Leadership<br><\/h3>\n\n\n\n<p>Das wissenschaftlich fundierte PERMA-LEAD\u00a9-Feedback von Dr. Markus Ebner schlie\u00dflich die L\u00fccke zwischen betriebswirtschaftlicher Ergebnisorientierung und unvollst\u00e4ndigem Feedback. <br><\/p>\n\n\n\n<p>Gl\u00fcckliche Mitarbeiter engagieren sich noch \u00fcber ihre festgelegten Aufgabenbereiche hinaus, sind leistungsbereiter, zufriedener und bleiben folglich l\u00e4nger im Unternehmen. Dieses Gl\u00fcck l\u00e4sst sich wissenschaftlich beschreiben, valide messen und gezielt <strong>beeinflussen<\/strong>. <em>Kennen Sie bereits Ihre Wirkung auf Ihr Team?<\/em><br><\/p>\n\n\n\n<p>Als zertifizierter PERMA-LEAD\u00a9-Berater bieten wir Ihnen dieses einfache und schnelle Online-Testverfahren in drei Varianten an.<\/p>\n\n\n\n<figure class=\"wp-block-image is-resized\"><img decoding=\"async\" loading=\"lazy\" src=\"http:\/\/www.visionandaction.com\/ms\/wp-content\/uploads\/2019\/04\/perma-lead-faktoren.a.jpg\" alt=\"\" class=\"wp-image-320\" width=\"414\" height=\"283\"\/><\/figure>\n\n\n\n<h3 class=\"wp-block-heading\">PERMA-LEAD\u00ae Potentialanalyse<\/h3>\n\n\n\n<p>Bei dieser Variante sch\u00e4tzt sich die F\u00fchrungskraft bez\u00fcglich der sechs PERMA-LEAD\u00ae Faktoren ein. Diese Faktoren zeigen einen ma\u00dfgeblichen Teil der Verhaltensweisen einer F\u00fchrungskraft.<\/p>\n\n\n\n<h3 class=\"wp-block-heading\">PERMA-LEAD\u00ae 360\u00b0 Feedback<\/h3>\n\n\n\n<p>Diese Variante bildet das Selbstbild, das Fremdbild sowie \nnachweislich erfolgsf\u00f6rdernde Management-Kompetenzen und \nkarrieref\u00f6rderliche Verhaltensweisen ab. Die Passgenauigkeit wird durch \nsechs zus\u00e4tzlich w\u00e4hlbare individuelle Fragen erh\u00f6ht.<\/p>\n\n\n\n<h3 class=\"wp-block-heading\">Positive Leadership Unternehmensanalyse\n<\/h3>\n\n\n\n<p>Hierbei wird das PERMA-LEAD\u00ae 360\u00b0 Feedback als Basis f\u00fcr \nstrategische Personalentwicklung zur umfassenden unternehmensweiten \nAnalyse genutzt.<\/p>\n\n\n\n<p>Details finden Sie in diesem <a href=\"http:\/\/www.visionandaction.com\/files\/perma-lead.pdf\">Whitepaper<\/a> <br><\/p>\n\n\n\n<table>\n\t<tr>\n\t\t<td><div class=\"wp-block-button\"><a class=\"wp-block-button__link has-background has-vivid-red-background-color\" href=\"#\">Beratung: +49-152-286-737-54<\/a><\/div><\/td>\n\n\t\t<td><div class=\"wp-block-button\"><a class=\"wp-block-button__link has-background has-vivid-red-background-color\" href=\"mailto:michaelstief.com\">Bestellen<\/a><\/div><\/td>\n\t<\/tr>\n<\/table>\n","protected":false},"excerpt":{"rendered":"<p>Machen Sie Ihr Team gl\u00fccklich?! F\u00fchrungskr\u00e4fte brauchen Feedback. Feedback dar\u00fcber, wie das wirkt, was sie reden und tun, und was es bewirkt. Diese Wirkung nur an den betriebswirtschaftlich relevanten Ergebnissen zu messen, w\u00e4re fahrl\u00e4ssig. Warum, weil diese Ergebnisse \u00fcberwiegend von den Mitarbeitenden erbracht werden und f\u00fcr diese gilt die Praxiserkenntnis: &hellip;<\/p>\n","protected":false},"author":1,"featured_media":321,"parent":0,"menu_order":0,"comment_status":"closed","ping_status":"closed","template":"","meta":[],"_links":{"self":[{"href":"https:\/\/www.positive-hr.de\/de\/wp-json\/wp\/v2\/pages\/308"}],"collection":[{"href":"https:\/\/www.positive-hr.de\/de\/wp-json\/wp\/v2\/pages"}],"about":[{"href":"https:\/\/www.positive-hr.de\/de\/wp-json\/wp\/v2\/types\/page"}],"author":[{"embeddable":true,"href":"https:\/\/www.positive-hr.de\/de\/wp-json\/wp\/v2\/users\/1"}],"replies":[{"embeddable":true,"href":"https:\/\/www.positive-hr.de\/de\/wp-json\/wp\/v2\/comments?post=308"}],"version-history":[{"count":2,"href":"https:\/\/www.positive-hr.de\/de\/wp-json\/wp\/v2\/pages\/308\/revisions"}],"predecessor-version":[{"id":1221,"href":"https:\/\/www.positive-hr.de\/de\/wp-json\/wp\/v2\/pages\/308\/revisions\/1221"}],"wp:featuredmedia":[{"embeddable":true,"href":"https:\/\/www.positive-hr.de\/de\/wp-json\/"}],"wp:attachment":[{"href":"https:\/\/www.positive-hr.de\/de\/wp-json\/wp\/v2\/media?parent=308"}],"curies":[{"name":"wp","href":"https:\/\/api.w.org\/{rel}","templated":true}]}}