{"id":340,"date":"2019-05-11T17:34:38","date_gmt":"2019-05-11T15:34:38","guid":{"rendered":"http:\/\/www.visionandaction.com\/ms\/?page_id=340"},"modified":"2025-05-07T18:58:12","modified_gmt":"2025-05-07T16:58:12","slug":"why","status":"publish","type":"page","link":"https:\/\/www.positive-hr.de\/de\/","title":{"rendered":"MAIN PAGE"},"content":{"rendered":"\n\n\n\n\n\n\n<br>\n\n\n<p><!-- Hier war die Liste der Themengebiete --><\/p>\n\n\n<!-- hr class=\"wp-block-separator has-text-color has-accent-1-color has-css-opacity has-accent-1-background-color has-background is-style-wide\"\/ -->\n\n\n\n<br>\n\n\n\n<div class=\"wp-block-group has-sitebg-background-color has-background is-layout-flow\"><div class=\"wp-block-group__inner-container\">\n<h1 class=\"wp-block-heading has-text-align-center has-text-color\" style=\"color:#990000\"><b>POSITIVE KOMMUNIKATION F\u00dcR IHREN ERFOLG <br>IN F\u00dcHRUNG, TEAMENTWICKLUNG &amp; HR-ARBEIT<\/b><\/h1>\n\n\n<div class=\"wp-block-image\">\n<figure class=\"aligncenter\"><img decoding=\"async\" loading=\"lazy\" width=\"1024\" height=\"403\" src=\"http:\/\/www.positive-hr.de\/de\/wp-content\/uploads\/2021\/01\/positive_plus_hr-1024x403.png\" alt=\"POSITIVE F\u00dcHRUNG &amp; NEXT LEVEL HR MANAGEMENT\" class=\"wp-image-488\" srcset=\"https:\/\/www.positive-hr.de\/de\/wp-content\/uploads\/2021\/01\/positive_plus_hr-1024x403.png 1024w, https:\/\/www.positive-hr.de\/de\/wp-content\/uploads\/2021\/01\/positive_plus_hr-300x118.png 300w, https:\/\/www.positive-hr.de\/de\/wp-content\/uploads\/2021\/01\/positive_plus_hr-768x302.png 768w, https:\/\/www.positive-hr.de\/de\/wp-content\/uploads\/2021\/01\/positive_plus_hr-1536x605.png 1536w, https:\/\/www.positive-hr.de\/de\/wp-content\/uploads\/2021\/01\/positive_plus_hr-611x240.png 611w, https:\/\/www.positive-hr.de\/de\/wp-content\/uploads\/2021\/01\/positive_plus_hr.png 2048w\" sizes=\"(max-width: 1024px) 100vw, 1024px\" \/><\/figure><\/div>\n\n\n<p class=\"has-text-align-center\" style=\"font-size:18px\">Wir unterst\u00fctzen Sie &#8211; strategisch, konzeptionell und in der Umsetzung<br>durch Positive Kommunikation<br>in F\u00fchrung, Teamentwicklung und Strategie<br><br>Mit einem Experten-Team f\u00fcr F\u00fchrung und HR-Management,<br>fundiertem Know-how aus der Positiven Psychologie, F\u00fchrungs- und Organisationforschung<br>und massgeschneiderten L\u00f6sungen<\/p>\n\n\n\n<p class=\"has-text-align-center has-text-color\" style=\"color:#990000;font-size:18px\">F\u00fcr engagiertere, gesundere und gl\u00fccklichere Teams.<br>F\u00fcr mehr Produktivit\u00e4t, mehr Vertrieb, mehr Umsatz.<br>F\u00fcr Ihren Unternehmenserfolg.<\/p>\n\n\n\n<br>\n\n\n\n<hr class=\"wp-block-separator has-text-color has-accent-1-color has-css-opacity has-accent-1-background-color has-background is-style-wide\"\/>\n\n\n\n<br>\n\n\n\n<p><\/p>\n<\/div><\/div>\n\n\n\n<div class=\"wp-block-group has-background is-layout-flow\" style=\"background-color:#ececec\"><div class=\"wp-block-group__inner-container\">\n<p>&nbsp;<\/p>\n\n\n\n<h4 class=\"wp-block-heading has-text-align-center\">SIE WOLLEN ERFOLG <span style=\"text-decoration: underline;\">UND<\/span> GL\u00dcCKLICHE TEAMS?<\/h4>\n\n\n\n<p class=\"has-text-align-center\">Dann vereinbaren Sie jetzt einen kostenlose Termin.&nbsp;<br>Wir beraten Sie gerne individuell.<\/p>\n\n\n<div class=\"wp-block-image is-style-rounded\">\n<figure class=\"aligncenter size-full is-resized\"><img decoding=\"async\" loading=\"lazy\" src=\"https:\/\/www.positive-hr.de\/de\/wp-content\/uploads\/2025\/05\/ms-rechts-3U3A5368-Bearbeitet-rund.png\" alt=\"\" class=\"wp-image-1210\" width=\"240\" height=\"240\" srcset=\"https:\/\/www.positive-hr.de\/de\/wp-content\/uploads\/2025\/05\/ms-rechts-3U3A5368-Bearbeitet-rund.png 961w, https:\/\/www.positive-hr.de\/de\/wp-content\/uploads\/2025\/05\/ms-rechts-3U3A5368-Bearbeitet-rund-300x300.png 300w, https:\/\/www.positive-hr.de\/de\/wp-content\/uploads\/2025\/05\/ms-rechts-3U3A5368-Bearbeitet-rund-150x150.png 150w, https:\/\/www.positive-hr.de\/de\/wp-content\/uploads\/2025\/05\/ms-rechts-3U3A5368-Bearbeitet-rund-768x768.png 768w, https:\/\/www.positive-hr.de\/de\/wp-content\/uploads\/2025\/05\/ms-rechts-3U3A5368-Bearbeitet-rund-350x350.png 350w\" sizes=\"(max-width: 240px) 100vw, 240px\" \/><\/figure><\/div>\n\n\n<p class=\"has-text-align-center\">Michael Stief<\/p>\n\n\n\n<div class=\"wp-block-buttons is-content-justification-center is-layout-flex wp-container-2\">\n<div class=\"BorlabsCookie _brlbs-cb-calendly\"><div class=\"_brlbs-content-blocker\"> <div class=\"_brlbs-default\"> <p>Klicken Sie auf den unteren Button, um online einen Termin \u00fcber Calendly zu buchen.<\/p> <p><a class=\"_brlbs-btn\" href=\"#\" data-borlabs-cookie-unblock role=\"button\">Inhalt laden<\/a><\/p> <a href=\"https:\/\/calendly.com\/privacy\" target=\"_blank\" rel=\"nofollow noopener noreferrer\">Mehr erfahren<\/a> <p><label><input type=\"checkbox\" name=\"unblockAll\" value=\"1\" checked=\"\"><small>Calendly immer entsperren<\/small><\/label><\/p> <\/div> <\/div><div class=\"borlabs-hide\" data-borlabs-cookie-type=\"content-blocker\" data-borlabs-cookie-id=\"calendly\"><script type=\"text\/template\">CjwhLS0gQ2FsbC10by1BY3Rpb24tSGVhZGVyCkRpZXNlciBBYnNjaG5pdHQgc29yZ3QgZsO8ciBkaWUga29ycmVrdGUgRnVua3Rpb24gZGVzIENhbGwtdG8tQWN0aW9uLUFic2Nobml0dHMKRm9sZ2VuZGUgTGlua3Mgd2VyZGVuIHZlcndlbmRldDoKcmVsPSIiIG9uY2xpY2s9IkNhbGVuZGx5LmluaXRQb3B1cFdpZGdldCh7dXJsOiAnaHR0cHM6Ly9jYWxlbmRseS5jb20vcG9zaXRpdmUtaHIvcmVtb3RlX21lZXRpbmcnfSk7cmV0dXJuIGZhbHNlOyIKaHJlZj0ibWFpbHRvOm1zQHBvc2l0aXZlLWhyLmRlIgpocmVmPSJ0ZWw6KzQ5LTE1Mi0yODYtNzM3LTU0IgotLT4KPCEtLSBDYWxlbmRseSBsaW5rIHdpZGdldCBiZWdpbiAtLT4KPGxpbmsgaHJlZj0iaHR0cHM6Ly9hc3NldHMuY2FsZW5kbHkuY29tL2Fzc2V0cy9leHRlcm5hbC93aWRnZXQuY3NzIiByZWw9InN0eWxlc2hlZXQiPgo8c2NyaXB0IHNyYz0iaHR0cHM6Ly9hc3NldHMuY2FsZW5kbHkuY29tL2Fzc2V0cy9leHRlcm5hbC93aWRnZXQuanMiIHR5cGU9InRleHQvamF2YXNjcmlwdCI+PC9zY3JpcHQ+CjwhLS0gQ2FsZW5kbHkgbGluayB3aWRnZXQgZW5kIC0tPgo8IS0tIEVuZGUgQ2FsbC10by1BY3Rpb24tSGVhZGVyIC0tPgo8ZGl2IGNsYXNzPSJ3cC1ibG9jay1idXR0b24iPjxhIGNsYXNzPSJ3cC1ibG9jay1idXR0b25fX2xpbmsgaGFzLXNpdGViZy1jb2xvciBoYXMtYWNjZW50LTEtYmFja2dyb3VuZC1jb2xvciBoYXMtdGV4dC1jb2xvciBoYXMtYmFja2dyb3VuZCIgaHJlZj0iIiBvbmNsaWNrPSJDYWxlbmRseS5pbml0UG9wdXBXaWRnZXQoe3VybDogJ2h0dHBzOi8vY2FsZW5kbHkuY29tL3Bvc2l0aXZlLWhyL3JlbW90ZV9tZWV0aW5nJ30pO3JldHVybiBmYWxzZTsiPlRFUk1JTiBCVUNIRU48L2E+PC9kaXY+Cg==<\/script><\/div><\/div>\n\n\n\n<div class=\"wp-block-button is-style-fill\"><a class=\"wp-block-button__link has-sitebg-color has-accent-1-background-color has-text-color has-background wp-element-button\" href=\"tel:+49-152-286-737-54\">DIREKT ANRUFEN<\/a><\/div>\n\n\n\n<div class=\"wp-block-button is-style-fill\"><a class=\"wp-block-button__link has-sitebg-color has-accent-1-background-color has-text-color has-background wp-element-button\" href=\"mailto:ms@positive-hr.de\">DIREKT MAILEN<\/a><\/div>\n<\/div>\n\n\n\n<p>&nbsp;<\/p>\n<\/div><\/div>\n","protected":false},"excerpt":{"rendered":"<p>POSITIVE KOMMUNIKATION F\u00dcR IHREN ERFOLG IN F\u00dcHRUNG, TEAMENTWICKLUNG &amp; HR-ARBEIT Wir unterst\u00fctzen Sie &#8211; strategisch, konzeptionell und in der Umsetzungdurch Positive Kommunikationin F\u00fchrung, Teamentwicklung und Strategie Mit einem Experten-Team f\u00fcr F\u00fchrung und HR-Management,fundiertem Know-how aus der Positiven Psychologie, F\u00fchrungs- und Organisationforschungund massgeschneiderten L\u00f6sungen F\u00fcr engagiertere, gesundere und gl\u00fccklichere Teams.F\u00fcr mehr &hellip;<\/p>\n","protected":false},"author":1,"featured_media":656,"parent":0,"menu_order":0,"comment_status":"closed","ping_status":"closed","template":"elementor_theme","meta":[],"_links":{"self":[{"href":"https:\/\/www.positive-hr.de\/de\/wp-json\/wp\/v2\/pages\/340"}],"collection":[{"href":"https:\/\/www.positive-hr.de\/de\/wp-json\/wp\/v2\/pages"}],"about":[{"href":"https:\/\/www.positive-hr.de\/de\/wp-json\/wp\/v2\/types\/page"}],"author":[{"embeddable":true,"href":"https:\/\/www.positive-hr.de\/de\/wp-json\/wp\/v2\/users\/1"}],"replies":[{"embeddable":true,"href":"https:\/\/www.positive-hr.de\/de\/wp-json\/wp\/v2\/comments?post=340"}],"version-history":[{"count":85,"href":"https:\/\/www.positive-hr.de\/de\/wp-json\/wp\/v2\/pages\/340\/revisions"}],"predecessor-version":[{"id":1211,"href":"https:\/\/www.positive-hr.de\/de\/wp-json\/wp\/v2\/pages\/340\/revisions\/1211"}],"wp:featuredmedia":[{"embeddable":true,"href":"https:\/\/www.positive-hr.de\/de\/wp-json\/wp\/v2\/media\/656"}],"wp:attachment":[{"href":"https:\/\/www.positive-hr.de\/de\/wp-json\/wp\/v2\/media?parent=340"}],"curies":[{"name":"wp","href":"https:\/\/api.w.org\/{rel}","templated":true}]}}