{"id":559,"date":"2021-01-12T18:00:21","date_gmt":"2021-01-12T17:00:21","guid":{"rendered":"http:\/\/www.positive-hr.de\/de\/?page_id=559"},"modified":"2025-05-07T19:10:50","modified_gmt":"2025-05-07T17:10:50","slug":"loesungen","status":"publish","type":"page","link":"https:\/\/www.positive-hr.de\/de\/loesungen\/","title":{"rendered":"L\u00d6SUNGEN"},"content":{"rendered":"\n<figure class=\"wp-block-pullquote\"><blockquote><p>Menschen st\u00e4rken<br>Wege finden<\/p><\/blockquote><\/figure>\n\n\n\n<div class=\"wp-block-group is-layout-flow\"><div class=\"wp-block-group__inner-container\">\n<p class=\"has-text-align-center\" style=\"font-size:18px\">Wir helfen Ihnen, die Menschen in Ihrem Unternehmen und Ihren Teams stark zu machen, <br>f\u00fcr die Herausforderung des Alltag und den dynamischen Wandel im Umfeld.<br>Wir entwickeln gemeinsam Ihre F\u00fchrungsprozesse zeitgem\u00e4\u00df und menschengerecht weiter<br>und machen Sie fit f\u00fcr agile, hybride und positive F\u00fchrung f\u00fcr alle Generationen.<br>Wir bringen gemeinsam Ihre HR-Management und Ihre Personalentwicklung auf das n\u00e4chste Level<br>strategisch, konzeptionell und in der praktischen Umsetzung &#8211; live, digital und hybrid, in-door und out-dorr<\/p>\n<\/div><\/div>\n\n\n\n<br>\n\n\n\n<div class=\"wp-block-group is-layout-flow\"><div class=\"wp-block-group__inner-container\">\n<div class=\"wp-block-columns is-layout-flex wp-container-5\">\n<div class=\"wp-block-column is-layout-flow\">\n<p class=\"has-text-align-center has-text-color\" style=\"color:#990000;font-size:20px\"><strong>F\u00dcHRUNG<\/strong><\/p>\n\n\n\n<ul class=\"has-background\" style=\"background-color:#ececec\">\n<li>Vision, Mission, Werte<\/li>\n\n\n\n<li>F\u00fchrungsleitbild<\/li>\n\n\n\n<li>F\u00fchrungsprozesse&nbsp;<\/li>\n\n\n\n<li>F\u00fchrungskr\u00e4fte-Entwicklung<\/li>\n\n\n\n<li>F\u00fchrungsnachwuchs-Entwicklung<\/li>\n\n\n\n<li>Ausbildertraining<\/li>\n\n\n\n<li>Positve Leadership <\/li>\n\n\n\n<li>Feelgood-Management<\/li>\n\n\n\n<li>Softskills<\/li>\n\n\n\n<li>Mentale Fitness<\/li>\n<\/ul>\n<\/div>\n\n\n\n<div class=\"wp-block-column is-layout-flow\">\n<p class=\"has-text-align-center has-text-color\" style=\"color:#990000;font-size:20px\"><strong>TEAMENTWICKLUNG<\/strong><\/p>\n\n\n\n<ul class=\"has-background\" style=\"background-color:#ececec\">\n<li>Team-Radar<\/li>\n\n\n\n<li>Teamtraining<\/li>\n\n\n\n<li>Change Management &amp; Ambidexterit\u00e4t<\/li>\n\n\n\n<li>Agilit\u00e4t &amp; Scrum<\/li>\n\n\n\n<li>Feedback, Beurteilungs- &amp; Entwicklungsgespr\u00e4che<\/li>\n\n\n\n<li>Gesunde F\u00fchrung<\/li>\n\n\n\n<li>Hybride F\u00fchrung<\/li>\n\n\n\n<li>Gesch\u00e4ftsf\u00fchrungs-Sparring<\/li>\n\n\n\n<li>Cross-Mentoring<\/li>\n\n\n\n<li>Lernende Organisation<\/li>\n<\/ul>\n\n\n\n<p><\/p>\n<\/div>\n\n\n\n<div class=\"wp-block-column is-layout-flow\">\n<p class=\"has-text-align-center has-text-color\" style=\"color:#990000;font-size:20px\"><strong>STRATEGIE <\/strong><\/p>\n\n\n\n<ul class=\"has-background\" style=\"background-color:#ececec\">\n<li>Positive Unternehmenskommunikation<\/li>\n\n\n\n<li>Organisationsentwicklung<\/li>\n\n\n\n<li>HR-Strategie<\/li>\n\n\n\n<li>Candidate &amp; Employee Journey<\/li>\n\n\n\n<li>Personalentwicklungs-Konzepte<\/li>\n\n\n\n<li>Aus- und Weiterbildungs-Konzepte<\/li>\n\n\n\n<li>Betriebliches Gesundheitsmanagement<\/li>\n\n\n\n<li>Familie &amp; Beruf<\/li>\n\n\n\n<li>Employer branding &amp; Personalmarketing<\/li>\n\n\n\n<li>Onboarding<\/li>\n<\/ul>\n<\/div>\n<\/div>\n<\/div><\/div>\n\n\n\n<br>\n\n\n\n<hr class=\"wp-block-separator has-text-color has-accent-1-color has-css-opacity has-accent-1-background-color has-background is-style-wide\"\/>\n\n\n\n<br>\n\n\n\n<div class=\"wp-block-group has-background is-layout-flow\" style=\"background-color:#ececec\"><div class=\"wp-block-group__inner-container\">\n<p>&nbsp;<\/p>\n\n\n\n<h4 class=\"wp-block-heading has-text-align-center\">SIE WOLLEN EINE INDIVIDUELLE L\u00d6SUNG?<\/h4>\n\n\n\n<p class=\"has-text-align-center\">Dann vereinbaren Sie jetzt einen kostenlose Termin.&nbsp;<br>Wir beraten Sie gerne individuell.<\/p>\n\n\n<div class=\"wp-block-image is-style-rounded\">\n<figure class=\"aligncenter size-full is-resized\"><img decoding=\"async\" loading=\"lazy\" src=\"http:\/\/www.positive-hr.de\/de\/wp-content\/uploads\/2025\/05\/ms-rechts-3U3A5368-Bearbeitet-rund-2.png\" alt=\"\" class=\"wp-image-1214\" width=\"240\" height=\"240\" srcset=\"https:\/\/www.positive-hr.de\/de\/wp-content\/uploads\/2025\/05\/ms-rechts-3U3A5368-Bearbeitet-rund-2.png 961w, https:\/\/www.positive-hr.de\/de\/wp-content\/uploads\/2025\/05\/ms-rechts-3U3A5368-Bearbeitet-rund-2-300x300.png 300w, https:\/\/www.positive-hr.de\/de\/wp-content\/uploads\/2025\/05\/ms-rechts-3U3A5368-Bearbeitet-rund-2-150x150.png 150w, https:\/\/www.positive-hr.de\/de\/wp-content\/uploads\/2025\/05\/ms-rechts-3U3A5368-Bearbeitet-rund-2-768x768.png 768w, https:\/\/www.positive-hr.de\/de\/wp-content\/uploads\/2025\/05\/ms-rechts-3U3A5368-Bearbeitet-rund-2-350x350.png 350w\" sizes=\"(max-width: 240px) 100vw, 240px\" \/><\/figure><\/div>\n\n\n<p class=\"has-text-align-center\">Michael Stief<\/p>\n\n\n\n<div class=\"wp-block-buttons is-content-justification-center is-layout-flex wp-container-7\">\n<div class=\"BorlabsCookie _brlbs-cb-calendly\"><div class=\"_brlbs-content-blocker\"> <div class=\"_brlbs-default\"> <p>Klicken Sie auf den unteren Button, um online einen Termin \u00fcber Calendly zu buchen.<\/p> <p><a class=\"_brlbs-btn\" href=\"#\" data-borlabs-cookie-unblock role=\"button\">Inhalt laden<\/a><\/p> <a href=\"https:\/\/calendly.com\/privacy\" target=\"_blank\" rel=\"nofollow noopener noreferrer\">Mehr erfahren<\/a> <p><label><input type=\"checkbox\" name=\"unblockAll\" value=\"1\" checked=\"\"><small>Calendly immer entsperren<\/small><\/label><\/p> <\/div> <\/div><div class=\"borlabs-hide\" data-borlabs-cookie-type=\"content-blocker\" data-borlabs-cookie-id=\"calendly\"><script type=\"text\/template\">CjwhLS0gQ2FsbC10by1BY3Rpb24tSGVhZGVyCkRpZXNlciBBYnNjaG5pdHQgc29yZ3QgZsO8ciBkaWUga29ycmVrdGUgRnVua3Rpb24gZGVzIENhbGwtdG8tQWN0aW9uLUFic2Nobml0dHMKRm9sZ2VuZGUgTGlua3Mgd2VyZGVuIHZlcndlbmRldDoKcmVsPSIiIG9uY2xpY2s9IkNhbGVuZGx5LmluaXRQb3B1cFdpZGdldCh7dXJsOiAnaHR0cHM6Ly9jYWxlbmRseS5jb20vcG9zaXRpdmUtaHIvcmVtb3RlX21lZXRpbmcnfSk7cmV0dXJuIGZhbHNlOyIKaHJlZj0ibWFpbHRvOm1zQHBvc2l0aXZlLWhyLmRlIgpocmVmPSJ0ZWw6KzQ5LTE1Mi0yODYtNzM3LTU0IgotLT4KPCEtLSBDYWxlbmRseSBsaW5rIHdpZGdldCBiZWdpbiAtLT4KPGxpbmsgaHJlZj0iaHR0cHM6Ly9hc3NldHMuY2FsZW5kbHkuY29tL2Fzc2V0cy9leHRlcm5hbC93aWRnZXQuY3NzIiByZWw9InN0eWxlc2hlZXQiPgo8c2NyaXB0IHNyYz0iaHR0cHM6Ly9hc3NldHMuY2FsZW5kbHkuY29tL2Fzc2V0cy9leHRlcm5hbC93aWRnZXQuanMiIHR5cGU9InRleHQvamF2YXNjcmlwdCI+PC9zY3JpcHQ+CjwhLS0gQ2FsZW5kbHkgbGluayB3aWRnZXQgZW5kIC0tPgo8IS0tIEVuZGUgQ2FsbC10by1BY3Rpb24tSGVhZGVyIC0tPgo8ZGl2IGNsYXNzPSJ3cC1ibG9jay1idXR0b24iPjxhIGNsYXNzPSJ3cC1ibG9jay1idXR0b25fX2xpbmsgaGFzLXNpdGViZy1jb2xvciBoYXMtYWNjZW50LTEtYmFja2dyb3VuZC1jb2xvciBoYXMtdGV4dC1jb2xvciBoYXMtYmFja2dyb3VuZCIgaHJlZj0iIiBvbmNsaWNrPSJDYWxlbmRseS5pbml0UG9wdXBXaWRnZXQoe3VybDogJ2h0dHBzOi8vY2FsZW5kbHkuY29tL3Bvc2l0aXZlLWhyL3JlbW90ZV9tZWV0aW5nJ30pO3JldHVybiBmYWxzZTsiPlRFUk1JTiBCVUNIRU48L2E+PC9kaXY+Cg==<\/script><\/div><\/div>\n\n\n\n<div class=\"wp-block-button is-style-fill\"><a class=\"wp-block-button__link has-sitebg-color has-accent-1-background-color has-text-color has-background wp-element-button\" href=\"tel:+49-152-286-737-54\">DIREKT ANRUFEN<\/a><\/div>\n\n\n\n<div class=\"wp-block-button is-style-fill\"><a class=\"wp-block-button__link has-sitebg-color has-accent-1-background-color has-text-color has-background wp-element-button\" href=\"mailto:ms@positive-hr.de\">DIREKT MAILEN<\/a><\/div>\n<\/div>\n\n\n\n<p>&nbsp;<\/p>\n<\/div><\/div>\n","protected":false},"excerpt":{"rendered":"<p>Menschen st\u00e4rkenWege finden Wir helfen Ihnen, die Menschen in Ihrem Unternehmen und Ihren Teams stark zu machen, f\u00fcr die Herausforderung des Alltag und den dynamischen Wandel im Umfeld.Wir entwickeln gemeinsam Ihre F\u00fchrungsprozesse zeitgem\u00e4\u00df und menschengerecht weiterund machen Sie fit f\u00fcr agile, hybride und positive F\u00fchrung f\u00fcr alle Generationen.Wir bringen gemeinsam &hellip;<\/p>\n","protected":false},"author":1,"featured_media":1025,"parent":0,"menu_order":0,"comment_status":"closed","ping_status":"closed","template":"","meta":[],"_links":{"self":[{"href":"https:\/\/www.positive-hr.de\/de\/wp-json\/wp\/v2\/pages\/559"}],"collection":[{"href":"https:\/\/www.positive-hr.de\/de\/wp-json\/wp\/v2\/pages"}],"about":[{"href":"https:\/\/www.positive-hr.de\/de\/wp-json\/wp\/v2\/types\/page"}],"author":[{"embeddable":true,"href":"https:\/\/www.positive-hr.de\/de\/wp-json\/wp\/v2\/users\/1"}],"replies":[{"embeddable":true,"href":"https:\/\/www.positive-hr.de\/de\/wp-json\/wp\/v2\/comments?post=559"}],"version-history":[{"count":48,"href":"https:\/\/www.positive-hr.de\/de\/wp-json\/wp\/v2\/pages\/559\/revisions"}],"predecessor-version":[{"id":1217,"href":"https:\/\/www.positive-hr.de\/de\/wp-json\/wp\/v2\/pages\/559\/revisions\/1217"}],"wp:featuredmedia":[{"embeddable":true,"href":"https:\/\/www.positive-hr.de\/de\/wp-json\/wp\/v2\/media\/1025"}],"wp:attachment":[{"href":"https:\/\/www.positive-hr.de\/de\/wp-json\/wp\/v2\/media?parent=559"}],"curies":[{"name":"wp","href":"https:\/\/api.w.org\/{rel}","templated":true}]}}