{"id":61,"date":"2015-11-02T11:27:02","date_gmt":"2015-11-02T10:27:02","guid":{"rendered":"http:\/\/www.visionandaction.com\/ms\/?page_id=61"},"modified":"2021-03-10T12:01:34","modified_gmt":"2021-03-10T11:01:34","slug":"vortraege","status":"publish","type":"page","link":"https:\/\/www.positive-hr.de\/de\/vortraege\/","title":{"rendered":"VORTR\u00c4GE"},"content":{"rendered":"\n<!-- Call-to-Action-Header\nDieser Abschnitt sorgt f\u00fcr die korrekte Funktion des Call-to-Action-Abschnitts\nFolgende Links werden verwendet:\nrel=\"\" onclick=\"Calendly.initPopupWidget({url: 'https:\/\/calendly.com\/positive-hr\/remote_meeting'});return false;\"\nhref=\"mailto:ms@positive-hr.de\"\nhref=\"tel:+49-152-286-737-54\"\n-->\n\n\n\n<!-- Calendly link widget begin -->\n<link href=\"https:\/\/assets.calendly.com\/assets\/external\/widget.css\" rel=\"stylesheet\">\n<script src=\"https:\/\/assets.calendly.com\/assets\/external\/widget.js\" type=\"text\/javascript\"><\/script>\n<!-- Calendly link widget end -->\n\n\n\n<!-- \/Call-to-Action-Header -->\n\n\n\n<figure class=\"wp-block-pullquote\"><blockquote><p>Vortr\u00e4ge, die bewegen<\/p><\/blockquote><\/figure>\n\n\n\n<div class=\"wp-block-group\"><div class=\"wp-block-group__inner-container is-layout-flow\">\n<p class=\"has-text-align-center\" style=\"font-size:18px\">Impulse f\u00fcr die Praxis statt &#8222;Des Kaisers neue Kleider&#8220;. In unseren interaktiven Live- und Online-Vortr\u00e4gen greifen wir aktuellen Herausforderungen aus der Praxis und die neusten Trends in Business, HR-Management und Menschenf\u00fchrung aus. Wir schauen mit Ihnen hinter die Kulissen der Trends, gehen Buzzwords auf den Grund und finden mit Ihnen die Substanz hinter dem Hype.<\/p>\n<\/div><\/div>\n","protected":false},"excerpt":{"rendered":"<p>Vortr\u00e4ge, die bewegen Impulse f\u00fcr die Praxis statt &#8222;Des Kaisers neue Kleider&#8220;. In unseren interaktiven Live- und Online-Vortr\u00e4gen greifen wir aktuellen Herausforderungen aus der Praxis und die neusten Trends in Business, HR-Management und Menschenf\u00fchrung aus. Wir schauen mit Ihnen hinter die Kulissen der Trends, gehen Buzzwords auf den Grund und &hellip;<\/p>\n","protected":false},"author":1,"featured_media":1104,"parent":0,"menu_order":0,"comment_status":"closed","ping_status":"closed","template":"","meta":[],"_links":{"self":[{"href":"https:\/\/www.positive-hr.de\/de\/wp-json\/wp\/v2\/pages\/61"}],"collection":[{"href":"https:\/\/www.positive-hr.de\/de\/wp-json\/wp\/v2\/pages"}],"about":[{"href":"https:\/\/www.positive-hr.de\/de\/wp-json\/wp\/v2\/types\/page"}],"author":[{"embeddable":true,"href":"https:\/\/www.positive-hr.de\/de\/wp-json\/wp\/v2\/users\/1"}],"replies":[{"embeddable":true,"href":"https:\/\/www.positive-hr.de\/de\/wp-json\/wp\/v2\/comments?post=61"}],"version-history":[{"count":9,"href":"https:\/\/www.positive-hr.de\/de\/wp-json\/wp\/v2\/pages\/61\/revisions"}],"predecessor-version":[{"id":1071,"href":"https:\/\/www.positive-hr.de\/de\/wp-json\/wp\/v2\/pages\/61\/revisions\/1071"}],"wp:featuredmedia":[{"embeddable":true,"href":"https:\/\/www.positive-hr.de\/de\/wp-json\/wp\/v2\/media\/1104"}],"wp:attachment":[{"href":"https:\/\/www.positive-hr.de\/de\/wp-json\/wp\/v2\/media?parent=61"}],"curies":[{"name":"wp","href":"https:\/\/api.w.org\/{rel}","templated":true}]}}