{"id":79,"date":"2016-02-28T08:29:41","date_gmt":"2016-02-28T07:29:41","guid":{"rendered":"http:\/\/www.visionandaction.com\/ms\/?page_id=79"},"modified":"2025-05-07T18:37:13","modified_gmt":"2025-05-07T16:37:13","slug":"coaching","status":"publish","type":"page","link":"https:\/\/www.positive-hr.de\/de\/coaching\/","title":{"rendered":"COACHING"},"content":{"rendered":"\n<figure class=\"wp-block-pullquote\"><blockquote><p>COACHING, SPARRING &amp; TEST-BASIERTES FEEDBACK<\/p><\/blockquote><\/figure>\n\n\n\n<p>Am eigenen Schopf aus dem Sumpf ziehen. Das ist nur Baron von M\u00fcnchhausen gelungen und das auch nur in einer L\u00fcgengeschichte.<\/p>\n\n\n\n<p>Und f\u00fcr alle anderen kann Coaching ein wirkungsvolles Werkzeug f\u00fcr die gezielte Entwicklung der eigenen Pers\u00f6nlichkeit oder Organisation sein; es hilft Ihnen<\/p>\n\n\n\n<ul>\n<li>Ihre St\u00e4rken zu nutzen und<\/li>\n\n\n\n<li>Ihr Potenzial zu entfalten.<\/li>\n\n\n\n<li>Sie sch\u00e4rfen Ihre Zielbilder,<\/li>\n\n\n\n<li>kommunizieren klarer und<\/li>\n\n\n\n<li>handeln beherzter<\/li>\n\n\n\n<li>mit einem feineren Gesp\u00fcr f\u00fcr Ihr Umfeld.<\/li>\n<\/ul>\n\n\n\n<p>Mit einer Auswahl erprobter Coaching-Formate bieten wir Ihnen die passende Unterst\u00fctzung f\u00fcr jede Lebenslage &#8211; beruflich und privat, einzeln, im Team oder im Unternehmen.<\/p>\n\n\n\n<ul>\n<li>Wollen Sie viel in kurzer Zeit erreichen, dann nutzen Sie das <strong>Espresso-Coaching<\/strong>, in drei schnellen Sessions kommen Sie z\u00fcgig voran.<\/li>\n\n\n\n<li>Wollen Sie etwas bewegen &#8211; tiefe Fragen, wichtige Entscheidungen, dann nutzen Sie das <strong>Coaching auf dem Jakobsweg<\/strong> zwischen St. Ottilien, Schondorf und Die\u00dfen.<\/li>\n\n\n\n<li>Wollen Sie eine Spur hinterlassen oder in den Worten von Steve Jobs &#8222;a dent in the universe&#8220;? Wollen oder m\u00fcssen Sie sich neu sortieren nach einer Wendung im Leben oder f\u00fcr ein gro\u00dfes Ziel? Dann nutzen Sie ein individuelles <strong>Coaching mit der KUBRIK-Strategie<\/strong>: Bringen Sie eine neue Ordnung in Ihre Lebensbereiche. Entwickeln Sie eine neue Vision und eine neue Story. Setzen Sie Zeichen mit Leuchtturm-Projekten und neuen Routinen, mit denen Sie Ihre Werte und Schl\u00fcsselziele in den verschiedenen Beziehungen in Beruf und Privatleben verwirklichen.<\/li>\n\n\n\n<li>Starten Sie in eine neue Aufgabe in einem Team oder Projekt, als Teammitglied oder F\u00fchrungskraft? Oder ganz frisch in einem neuen Unternehmen? Dann hilft Ihnen das <strong>Onboarding-Coaching<\/strong> beim Start w\u00e4hrend der ersten hundert Tage und dar\u00fcber hinaus im ersten halben Jahr.<\/li>\n\n\n\n<li>Sie wollen als F\u00fchrungskraft vorankommen und Ihr Team positiv beeinflussen? Dann nutzen Sie das <strong>PERMA LEAD\u00a9 Feedback-System mit Potenzialanalyse, 360\u00b0-Feedback bis hin zur Unternehmensanalyse<\/strong>. Auf Basis wissenschaftlich validierter Tests erhalten Sie eine Orientierung f\u00fcr Ihre Entwicklung.<\/li>\n\n\n\n<li>Sie wollen Ihre Kommunikation im Team und mit sich selbst positive ausrichten? Mit dem <a href=\"https:\/\/www.positive-hr.de\/de\/files\/michaelstief_positive_hr_positive_mindset_coaching.pdf\" target=\"_blank\" rel=\"noopener\"><strong>Positive Mindset Coaching<\/strong><\/a> bekommen Sie eine Orientierung \u00fcber Ihre Kommunikationsverhalten auf Basis der wichtigsten Modelle in der Positiven Psychologie, F\u00fchrungs- und Organisationsforschung.<\/li>\n<\/ul>\n\n\n\n<p>Au\u00dferdem bieten wir Ihnen test-basierte Feedback- und Coaching-Prozesse auf der Grundlage wissenschaftlich validierter Testverfahren<\/p>\n\n\n\n<ul>\n<li>zu Ihrer Pers\u00f6nlichkeit mit dem BIG5-Pers\u00f6nlichkeitsmodell<\/li>\n\n\n\n<li>zu Ihren individuellen Werten nach dem Modell von Shalom Schwartz<\/li>\n\n\n\n<li>zur Ihren St\u00e4rken mit dem Charakter- und Signatur-St\u00e4rken-Modell von Seligman und Peterson<\/li>\n\n\n\n<li>und weiteren ausgew\u00e4hlten fundierten Testverfahren<\/li>\n<\/ul>\n\n\n\n<p>Damit lernen Sie sich selbst noch besser zu managen, Ihr Umfeld positiv zu beeinflussen und Ihre privaten und beruflichen Ziele zu erreichen.<\/p>\n\n\n\n<div class=\"wp-block-group has-background is-layout-flow\" style=\"background-color:#ececec\"><div class=\"wp-block-group__inner-container\">\n<p class=\"has-text-align-center\">&nbsp;<\/p>\n\n\n\n<h4 class=\"wp-block-heading has-text-align-center\">SIE WOLLEN FEEDBACK &amp; COACHING F\u00dcR SICH NUTZEN?<\/h4>\n\n\n\n<p class=\"has-text-align-center\">Dann vereinbaren Sie jetzt einen kostenlosen Termin.&nbsp;<br>Ich berate Sie gerne individuell.<\/p>\n\n\n<div class=\"wp-block-image is-style-rounded\">\n<figure class=\"aligncenter size-full is-resized\"><img decoding=\"async\" loading=\"lazy\" src=\"http:\/\/www.positive-hr.de\/de\/wp-content\/uploads\/2025\/05\/ms-rechts-3U3A5368-Bearbeitet-rund-2.png\" alt=\"\" class=\"wp-image-1214\" width=\"240\" height=\"240\" srcset=\"https:\/\/www.positive-hr.de\/de\/wp-content\/uploads\/2025\/05\/ms-rechts-3U3A5368-Bearbeitet-rund-2.png 961w, https:\/\/www.positive-hr.de\/de\/wp-content\/uploads\/2025\/05\/ms-rechts-3U3A5368-Bearbeitet-rund-2-300x300.png 300w, https:\/\/www.positive-hr.de\/de\/wp-content\/uploads\/2025\/05\/ms-rechts-3U3A5368-Bearbeitet-rund-2-150x150.png 150w, https:\/\/www.positive-hr.de\/de\/wp-content\/uploads\/2025\/05\/ms-rechts-3U3A5368-Bearbeitet-rund-2-768x768.png 768w, https:\/\/www.positive-hr.de\/de\/wp-content\/uploads\/2025\/05\/ms-rechts-3U3A5368-Bearbeitet-rund-2-350x350.png 350w\" sizes=\"(max-width: 240px) 100vw, 240px\" \/><\/figure><\/div>\n\n\n<p class=\"has-text-align-center\">Michael Stief<\/p>\n\n\n\n<div class=\"wp-block-buttons is-content-justification-center is-layout-flex wp-container-1\">\n<div class=\"BorlabsCookie _brlbs-cb-calendly\"><div class=\"_brlbs-content-blocker\"> <div class=\"_brlbs-default\"> <p>Klicken Sie auf den unteren Button, um online einen Termin \u00fcber Calendly zu buchen.<\/p> <p><a class=\"_brlbs-btn\" href=\"#\" data-borlabs-cookie-unblock role=\"button\">Inhalt laden<\/a><\/p> <a href=\"https:\/\/calendly.com\/privacy\" target=\"_blank\" rel=\"nofollow noopener noreferrer\">Mehr erfahren<\/a> <p><label><input type=\"checkbox\" name=\"unblockAll\" value=\"1\" checked=\"\"><small>Calendly immer entsperren<\/small><\/label><\/p> <\/div> <\/div><div class=\"borlabs-hide\" data-borlabs-cookie-type=\"content-blocker\" data-borlabs-cookie-id=\"calendly\"><script type=\"text\/template\">CjwhLS0gQ2FsbC10by1BY3Rpb24tSGVhZGVyCkRpZXNlciBBYnNjaG5pdHQgc29yZ3QgZsO8ciBkaWUga29ycmVrdGUgRnVua3Rpb24gZGVzIENhbGwtdG8tQWN0aW9uLUFic2Nobml0dHMKRm9sZ2VuZGUgTGlua3Mgd2VyZGVuIHZlcndlbmRldDoKcmVsPSIiIG9uY2xpY2s9IkNhbGVuZGx5LmluaXRQb3B1cFdpZGdldCh7dXJsOiAnaHR0cHM6Ly9jYWxlbmRseS5jb20vcG9zaXRpdmUtaHIvcmVtb3RlX21lZXRpbmcnfSk7cmV0dXJuIGZhbHNlOyIKaHJlZj0ibWFpbHRvOm1zQHBvc2l0aXZlLWhyLmRlIgpocmVmPSJ0ZWw6KzQ5LTE1Mi0yODYtNzM3LTU0IgotLT4KPCEtLSBDYWxlbmRseSBsaW5rIHdpZGdldCBiZWdpbiAtLT4KPGxpbmsgaHJlZj0iaHR0cHM6Ly9hc3NldHMuY2FsZW5kbHkuY29tL2Fzc2V0cy9leHRlcm5hbC93aWRnZXQuY3NzIiByZWw9InN0eWxlc2hlZXQiPgo8c2NyaXB0IHNyYz0iaHR0cHM6Ly9hc3NldHMuY2FsZW5kbHkuY29tL2Fzc2V0cy9leHRlcm5hbC93aWRnZXQuanMiIHR5cGU9InRleHQvamF2YXNjcmlwdCI+PC9zY3JpcHQ+CjwhLS0gQ2FsZW5kbHkgbGluayB3aWRnZXQgZW5kIC0tPgo8IS0tIEVuZGUgQ2FsbC10by1BY3Rpb24tSGVhZGVyIC0tPgo8ZGl2IGNsYXNzPSJ3cC1ibG9jay1idXR0b24iPjxhIGNsYXNzPSJ3cC1ibG9jay1idXR0b25fX2xpbmsgaGFzLXNpdGViZy1jb2xvciBoYXMtYWNjZW50LTEtYmFja2dyb3VuZC1jb2xvciBoYXMtdGV4dC1jb2xvciBoYXMtYmFja2dyb3VuZCIgaHJlZj0iIiBvbmNsaWNrPSJDYWxlbmRseS5pbml0UG9wdXBXaWRnZXQoe3VybDogJ2h0dHBzOi8vY2FsZW5kbHkuY29tL3Bvc2l0aXZlLWhyL3JlbW90ZV9tZWV0aW5nJ30pO3JldHVybiBmYWxzZTsiPlRFUk1JTiBCVUNIRU48L2E+PC9kaXY+Cg==<\/script><\/div><\/div>\n\n\n\n<div class=\"wp-block-button is-style-fill\"><a class=\"wp-block-button__link has-sitebg-color has-accent-1-background-color has-text-color has-background wp-element-button\" href=\"tel:+49-152-286-737-54\">DIREKT ANRUFEN<\/a><\/div>\n\n\n\n<div class=\"wp-block-button is-style-fill\"><a class=\"wp-block-button__link has-sitebg-color has-accent-1-background-color has-text-color has-background wp-element-button\" href=\"mailto:ms@positive-hr.de\">DIREKT MAILEN<\/a><\/div>\n<\/div>\n\n\n\n<p>&nbsp;<\/p>\n<\/div><\/div>\n","protected":false},"excerpt":{"rendered":"<p>COACHING, SPARRING &amp; TEST-BASIERTES FEEDBACK Am eigenen Schopf aus dem Sumpf ziehen. Das ist nur Baron von M\u00fcnchhausen gelungen und das auch nur in einer L\u00fcgengeschichte. Und f\u00fcr alle anderen kann Coaching ein wirkungsvolles Werkzeug f\u00fcr die gezielte Entwicklung der eigenen Pers\u00f6nlichkeit oder Organisation sein; es hilft Ihnen Mit einer &hellip;<\/p>\n","protected":false},"author":1,"featured_media":622,"parent":0,"menu_order":0,"comment_status":"closed","ping_status":"closed","template":"","meta":[],"_links":{"self":[{"href":"https:\/\/www.positive-hr.de\/de\/wp-json\/wp\/v2\/pages\/79"}],"collection":[{"href":"https:\/\/www.positive-hr.de\/de\/wp-json\/wp\/v2\/pages"}],"about":[{"href":"https:\/\/www.positive-hr.de\/de\/wp-json\/wp\/v2\/types\/page"}],"author":[{"embeddable":true,"href":"https:\/\/www.positive-hr.de\/de\/wp-json\/wp\/v2\/users\/1"}],"replies":[{"embeddable":true,"href":"https:\/\/www.positive-hr.de\/de\/wp-json\/wp\/v2\/comments?post=79"}],"version-history":[{"count":16,"href":"https:\/\/www.positive-hr.de\/de\/wp-json\/wp\/v2\/pages\/79\/revisions"}],"predecessor-version":[{"id":1207,"href":"https:\/\/www.positive-hr.de\/de\/wp-json\/wp\/v2\/pages\/79\/revisions\/1207"}],"wp:featuredmedia":[{"embeddable":true,"href":"https:\/\/www.positive-hr.de\/de\/wp-json\/wp\/v2\/media\/622"}],"wp:attachment":[{"href":"https:\/\/www.positive-hr.de\/de\/wp-json\/wp\/v2\/media?parent=79"}],"curies":[{"name":"wp","href":"https:\/\/api.w.org\/{rel}","templated":true}]}}