{"id":81,"date":"2016-02-28T08:32:43","date_gmt":"2016-02-28T07:32:43","guid":{"rendered":"http:\/\/www.visionandaction.com\/ms\/?page_id=81"},"modified":"2022-10-05T12:04:24","modified_gmt":"2022-10-05T10:04:24","slug":"workshops","status":"publish","type":"page","link":"https:\/\/www.positive-hr.de\/de\/workshops\/","title":{"rendered":"WORKSHOPS"},"content":{"rendered":"\n<figure class=\"wp-block-pullquote\"><blockquote><p>Positive F\u00fchrung, Kommunikation und Selbst-Management, <br>Strategie-Klausuren f\u00fcr Gesch\u00e4fts- und Personalleitung <br>oder Konzept-Workshops f\u00fcr HR-Themen und Personalentwicklung. <br>Wir gestalten passgenaue Impulse zu Ihren Themen und Zielen. <\/p><\/blockquote><\/figure>\n\n\n\n<p>Laufend entwickeln wir Impulse zu aktuellen Themen, wie zum Beispiel &#8222;Gemeinsam gegen den Corona-Koller&#8220;, unseren Entwicklungs-Workshop f\u00fcr passgenaue L\u00f6sungen, um Ihre Kollegen in der Pandemie zu st\u00e4rken und f\u00fcr Home Office und andere aktuelle Organisationsformen fit zu machen.<\/p>\n\n\n\n<p>Zielgruppenspezifische Programme, zum Beispiel f\u00fcr F\u00fchrungskr\u00e4fte, stellen wir modular zusammen und erg\u00e4nzen diese durch Test-Verfahren, Coaching und gegenseitiges Mentoring.<\/p>\n\n\n\n<div class=\"wp-block-group has-background\" style=\"background-color:#ececec\"><div class=\"wp-block-group__inner-container is-layout-flow\">\n<p>&nbsp;<\/p>\n\n\n\n<h4 class=\"has-text-align-center wp-block-heading\">SIE BRAUCHEN MASSGESCHNEIDERTE LIVE &amp; ONLINE WORKSHOPS <br>F\u00dcR GESCH\u00c4FTSLEITUNG, F\u00dcHRUNGSKR\u00c4FTE, <br>TEAMS ODER TEAM-MITGLIEDER?<\/h4>\n\n\n\n<p class=\"has-text-align-center\">Dann vereinbaren Sie jetzt einen kostenlosen Termin.&nbsp;<br>Ich berate Sie gerne individuell.<\/p>\n\n\n<div class=\"wp-block-image is-style-rounded\">\n<figure class=\"aligncenter size-full is-resized\"><img decoding=\"async\" loading=\"lazy\" src=\"http:\/\/www.positive-hr.de\/de\/wp-content\/uploads\/2025\/05\/ms-rechts-3U3A5368-Bearbeitet-rund-2.png\" alt=\"\" class=\"wp-image-1214\" width=\"240\" height=\"240\" srcset=\"https:\/\/www.positive-hr.de\/de\/wp-content\/uploads\/2025\/05\/ms-rechts-3U3A5368-Bearbeitet-rund-2.png 961w, https:\/\/www.positive-hr.de\/de\/wp-content\/uploads\/2025\/05\/ms-rechts-3U3A5368-Bearbeitet-rund-2-300x300.png 300w, https:\/\/www.positive-hr.de\/de\/wp-content\/uploads\/2025\/05\/ms-rechts-3U3A5368-Bearbeitet-rund-2-150x150.png 150w, https:\/\/www.positive-hr.de\/de\/wp-content\/uploads\/2025\/05\/ms-rechts-3U3A5368-Bearbeitet-rund-2-768x768.png 768w, https:\/\/www.positive-hr.de\/de\/wp-content\/uploads\/2025\/05\/ms-rechts-3U3A5368-Bearbeitet-rund-2-350x350.png 350w\" sizes=\"(max-width: 240px) 100vw, 240px\" \/><\/figure><\/div>\n\n\n<p class=\"has-text-align-center\">Michael Stief<\/p>\n\n\n\n<div class=\"wp-block-buttons aligncenter is-layout-flex\">\n<div class=\"BorlabsCookie _brlbs-cb-calendly\"><div class=\"_brlbs-content-blocker\"> <div class=\"_brlbs-default\"> <p>Klicken Sie auf den unteren Button, um online einen Termin \u00fcber Calendly zu buchen.<\/p> <p><a class=\"_brlbs-btn\" href=\"#\" data-borlabs-cookie-unblock role=\"button\">Inhalt laden<\/a><\/p> <a href=\"https:\/\/calendly.com\/privacy\" target=\"_blank\" rel=\"nofollow noopener noreferrer\">Mehr erfahren<\/a> <p><label><input type=\"checkbox\" name=\"unblockAll\" value=\"1\" checked=\"\"><small>Calendly immer entsperren<\/small><\/label><\/p> <\/div> <\/div><div class=\"borlabs-hide\" data-borlabs-cookie-type=\"content-blocker\" data-borlabs-cookie-id=\"calendly\"><script type=\"text\/template\">CjwhLS0gQ2FsbC10by1BY3Rpb24tSGVhZGVyCkRpZXNlciBBYnNjaG5pdHQgc29yZ3QgZsO8ciBkaWUga29ycmVrdGUgRnVua3Rpb24gZGVzIENhbGwtdG8tQWN0aW9uLUFic2Nobml0dHMKRm9sZ2VuZGUgTGlua3Mgd2VyZGVuIHZlcndlbmRldDoKcmVsPSIiIG9uY2xpY2s9IkNhbGVuZGx5LmluaXRQb3B1cFdpZGdldCh7dXJsOiAnaHR0cHM6Ly9jYWxlbmRseS5jb20vcG9zaXRpdmUtaHIvcmVtb3RlX21lZXRpbmcnfSk7cmV0dXJuIGZhbHNlOyIKaHJlZj0ibWFpbHRvOm1zQHBvc2l0aXZlLWhyLmRlIgpocmVmPSJ0ZWw6KzQ5LTE1Mi0yODYtNzM3LTU0IgotLT4KPCEtLSBDYWxlbmRseSBsaW5rIHdpZGdldCBiZWdpbiAtLT4KPGxpbmsgaHJlZj0iaHR0cHM6Ly9hc3NldHMuY2FsZW5kbHkuY29tL2Fzc2V0cy9leHRlcm5hbC93aWRnZXQuY3NzIiByZWw9InN0eWxlc2hlZXQiPgo8c2NyaXB0IHNyYz0iaHR0cHM6Ly9hc3NldHMuY2FsZW5kbHkuY29tL2Fzc2V0cy9leHRlcm5hbC93aWRnZXQuanMiIHR5cGU9InRleHQvamF2YXNjcmlwdCI+PC9zY3JpcHQ+CjwhLS0gQ2FsZW5kbHkgbGluayB3aWRnZXQgZW5kIC0tPgo8IS0tIEVuZGUgQ2FsbC10by1BY3Rpb24tSGVhZGVyIC0tPgo8ZGl2IGNsYXNzPSJ3cC1ibG9jay1idXR0b24iPjxhIGNsYXNzPSJ3cC1ibG9jay1idXR0b25fX2xpbmsgaGFzLXNpdGViZy1jb2xvciBoYXMtYWNjZW50LTEtYmFja2dyb3VuZC1jb2xvciBoYXMtdGV4dC1jb2xvciBoYXMtYmFja2dyb3VuZCIgaHJlZj0iIiBvbmNsaWNrPSJDYWxlbmRseS5pbml0UG9wdXBXaWRnZXQoe3VybDogJ2h0dHBzOi8vY2FsZW5kbHkuY29tL3Bvc2l0aXZlLWhyL3JlbW90ZV9tZWV0aW5nJ30pO3JldHVybiBmYWxzZTsiPlRFUk1JTiBCVUNIRU48L2E+PC9kaXY+Cg==<\/script><\/div><\/div>\n\n\n\n<div class=\"wp-block-button is-style-fill\"><a class=\"wp-block-button__link has-sitebg-color has-accent-1-background-color has-text-color has-background\" href=\"tel:+49-152-286-737-54\">DIREKT ANRUFEN<\/a><\/div>\n\n\n\n<div class=\"wp-block-button is-style-fill\"><a class=\"wp-block-button__link has-sitebg-color has-accent-1-background-color has-text-color has-background\" href=\"mailto:ms@positive-hr.de\">DIREKT MAILEN<\/a><\/div>\n<\/div>\n\n\n\n<p>&nbsp;<\/p>\n<\/div><\/div>\n","protected":false},"excerpt":{"rendered":"<p>Positive F\u00fchrung, Kommunikation und Selbst-Management, Strategie-Klausuren f\u00fcr Gesch\u00e4fts- und Personalleitung oder Konzept-Workshops f\u00fcr HR-Themen und Personalentwicklung. Wir gestalten passgenaue Impulse zu Ihren Themen und Zielen. Laufend entwickeln wir Impulse zu aktuellen Themen, wie zum Beispiel &#8222;Gemeinsam gegen den Corona-Koller&#8220;, unseren Entwicklungs-Workshop f\u00fcr passgenaue L\u00f6sungen, um Ihre Kollegen in der Pandemie &hellip;<\/p>\n","protected":false},"author":1,"featured_media":554,"parent":0,"menu_order":0,"comment_status":"closed","ping_status":"closed","template":"","meta":[],"_links":{"self":[{"href":"https:\/\/www.positive-hr.de\/de\/wp-json\/wp\/v2\/pages\/81"}],"collection":[{"href":"https:\/\/www.positive-hr.de\/de\/wp-json\/wp\/v2\/pages"}],"about":[{"href":"https:\/\/www.positive-hr.de\/de\/wp-json\/wp\/v2\/types\/page"}],"author":[{"embeddable":true,"href":"https:\/\/www.positive-hr.de\/de\/wp-json\/wp\/v2\/users\/1"}],"replies":[{"embeddable":true,"href":"https:\/\/www.positive-hr.de\/de\/wp-json\/wp\/v2\/comments?post=81"}],"version-history":[{"count":7,"href":"https:\/\/www.positive-hr.de\/de\/wp-json\/wp\/v2\/pages\/81\/revisions"}],"predecessor-version":[{"id":1219,"href":"https:\/\/www.positive-hr.de\/de\/wp-json\/wp\/v2\/pages\/81\/revisions\/1219"}],"wp:featuredmedia":[{"embeddable":true,"href":"https:\/\/www.positive-hr.de\/de\/wp-json\/wp\/v2\/media\/554"}],"wp:attachment":[{"href":"https:\/\/www.positive-hr.de\/de\/wp-json\/wp\/v2\/media?parent=81"}],"curies":[{"name":"wp","href":"https:\/\/api.w.org\/{rel}","templated":true}]}}